{"id":7997,"date":"2023-07-17T14:09:48","date_gmt":"2023-07-17T14:09:48","guid":{"rendered":"https:\/\/powderblue-rat-509416.hostingersite.com\/arbeta-med-oss\/"},"modified":"2025-09-09T13:28:50","modified_gmt":"2025-09-09T13:28:50","slug":"arbeta-med-oss","status":"publish","type":"page","link":"https:\/\/digital-dividend.com\/sv\/arbeta-med-oss\/","title":{"rendered":"Arbeta Med Oss"},"content":{"rendered":"\t\t<div data-elementor-type=\"wp-page\" data-elementor-id=\"7997\" class=\"elementor elementor-7997 elementor-7986\" data-elementor-post-type=\"page\">\n\t\t\t\t\t\t<section class=\"elementor-section elementor-top-section elementor-element elementor-element-5f204e7 container elementor-section-boxed elementor-section-height-default elementor-section-height-default\" data-id=\"5f204e7\" data-element_type=\"section\" data-e-type=\"section\">\n\t\t\t\t\t\t<div class=\"elementor-container elementor-column-gap-default\">\n\t\t\t\t\t<div class=\"elementor-column elementor-col-50 elementor-top-column elementor-element elementor-element-f6fa100\" data-id=\"f6fa100\" data-element_type=\"column\" data-e-type=\"column\">\n\t\t\t<div class=\"elementor-widget-wrap elementor-element-populated\">\n\t\t\t\t\t\t<div class=\"elementor-element elementor-element-ae586c0 elementor-widget elementor-widget-heading\" data-id=\"ae586c0\" data-element_type=\"widget\" data-e-type=\"widget\" data-widget_type=\"heading.default\">\n\t\t\t\t<div class=\"elementor-widget-container\">\n\t\t\t\t\t<h1 class=\"elementor-heading-title elementor-size-default\"><span style=\"color:#33669A\">En plats d\u00e4r du <\/span>har kreativ frihet<\/h1>\t\t\t\t<\/div>\n\t\t\t\t<\/div>\n\t\t\t\t\t<\/div>\n\t\t<\/div>\n\t\t\t\t<div class=\"elementor-column elementor-col-50 elementor-top-column elementor-element elementor-element-85db65b\" data-id=\"85db65b\" data-element_type=\"column\" data-e-type=\"column\">\n\t\t\t<div class=\"elementor-widget-wrap elementor-element-populated\">\n\t\t\t\t\t\t<section class=\"elementor-section elementor-inner-section elementor-element elementor-element-4840b6c elementor-section-boxed elementor-section-height-default elementor-section-height-default\" data-id=\"4840b6c\" data-element_type=\"section\" data-e-type=\"section\">\n\t\t\t\t\t\t<div class=\"elementor-container elementor-column-gap-default\">\n\t\t\t\t\t<div class=\"elementor-column elementor-col-50 elementor-inner-column elementor-element elementor-element-8cc0548\" data-id=\"8cc0548\" data-element_type=\"column\" data-e-type=\"column\">\n\t\t\t<div class=\"elementor-widget-wrap\">\n\t\t\t\t\t\t\t<\/div>\n\t\t<\/div>\n\t\t\t\t<div class=\"elementor-column elementor-col-50 elementor-inner-column elementor-element elementor-element-8ed9089\" data-id=\"8ed9089\" data-element_type=\"column\" data-e-type=\"column\">\n\t\t\t<div class=\"elementor-widget-wrap elementor-element-populated\">\n\t\t\t\t\t\t<div class=\"elementor-element elementor-element-fd201bf ser-txt elementor-widget__width-initial elementor-widget elementor-widget-text-editor\" data-id=\"fd201bf\" data-element_type=\"widget\" data-e-type=\"widget\" data-widget_type=\"text-editor.default\">\n\t\t\t\t<div class=\"elementor-widget-container\">\n\t\t\t\t\t\t\t\t\t<p>P\u00e5 Digital Dividend \u00e4r vi alltid p\u00e5 jakt efter individer som delar v\u00e5r vision f\u00f6r att f\u00f6rb\u00e4ttra livet f\u00f6r kunder och v\u00e5r v\u00e4rld med teknik. Om du vill ha en boost i IT-karri\u00e4ren och forts\u00e4tta din passion f\u00f6r att arbeta med den senaste tekniken, g\u00e5 d\u00e5 med i v\u00e5rt team idag!<\/p>\t\t\t\t\t\t\t\t<\/div>\n\t\t\t\t<\/div>\n\t\t\t\t\t<\/div>\n\t\t<\/div>\n\t\t\t\t\t<\/div>\n\t\t<\/section>\n\t\t\t\t\t<\/div>\n\t\t<\/div>\n\t\t\t\t\t<\/div>\n\t\t<\/section>\n\t\t\t\t<section class=\"elementor-section elementor-top-section elementor-element elementor-element-0fa0de9 container animated-slow elementor-section-boxed elementor-section-height-default elementor-section-height-default elementor-invisible\" data-id=\"0fa0de9\" data-element_type=\"section\" data-e-type=\"section\" data-settings=\"{&quot;animation&quot;:&quot;slideInUp&quot;}\">\n\t\t\t\t\t\t<div class=\"elementor-container elementor-column-gap-default\">\n\t\t\t\t\t<div class=\"elementor-column elementor-col-100 elementor-top-column elementor-element elementor-element-ec23847\" data-id=\"ec23847\" data-element_type=\"column\" data-e-type=\"column\">\n\t\t\t<div class=\"elementor-widget-wrap elementor-element-populated\">\n\t\t\t\t\t\t<div class=\"elementor-element elementor-element-7b82db3 elementor-widget elementor-widget-heading\" data-id=\"7b82db3\" data-element_type=\"widget\" data-e-type=\"widget\" data-widget_type=\"heading.default\">\n\t\t\t\t<div class=\"elementor-widget-container\">\n\t\t\t\t\t<h2 class=\"elementor-heading-title elementor-size-default\"><span style=\"color:#33669A\">Varf\u00f6r Bli En Del Av <\/span>V\u00e5rt Fantastiska Team?<\/h2>\t\t\t\t<\/div>\n\t\t\t\t<\/div>\n\t\t\t\t<div class=\"elementor-element elementor-element-d789fe8 elementor-widget elementor-widget-text-editor\" data-id=\"d789fe8\" data-element_type=\"widget\" data-e-type=\"widget\" data-widget_type=\"text-editor.default\">\n\t\t\t\t<div class=\"elementor-widget-container\">\n\t\t\t\t\t\t\t\t\t<p>Vi v\u00e4rdes\u00e4tter alla som arbetar p\u00e5 Digital Dividend lika h\u00f6gt, och str\u00e4var efter att f\u00f6rst\u00e5 varje individs behov som professionella individer och team-medlemmar.<\/p><p>Vi betonar en tillv\u00e4xt v\u00e4g f\u00f6r karri\u00e4ren f\u00f6r alla v\u00e5ra anst\u00e4llda, och en milj\u00f6 d\u00e4r de kan arbeta utan att vara mikro-hanterade och ha kreativ frihet. Vi v\u00e4rdes\u00e4tter och bel\u00f6nar v\u00e5ra anst\u00e4lldas h\u00e5rda arbete och kompetens, och n\u00e5gra av f\u00f6rdelarna med att arbeta med oss inkluderar:<\/p><p>Utbildning och karri\u00e4rutveckling<br \/>Marknadsm\u00e4ssig konkurrenskraftig l\u00f6n<br \/>Halv\u00e5rsvis l\u00f6ne\u00f6versyn<br \/>\u00c5rlig l\u00f6ne\u00f6kning<br \/>Sjukv\u00e5rdsf\u00f6rs\u00e4kring<br \/>Kostnadsers\u00e4ttning vid f\u00f6r\u00e4ldraledighet<br \/>Transportbidrag vid pendling<br \/>Flexibilitet g\u00e4llande kontor och remote-arbete<br \/>Och mycket mer\u2026<\/p><h2>\u00a0<\/h2><h2>Intresserad<\/h2><p>Skicka ditt CV till v\u00e5r e-postadress: <a href=\"mailto:career@digital-dividend.com\">career@digital-dividend.com<\/a><\/p>\t\t\t\t\t\t\t\t<\/div>\n\t\t\t\t<\/div>\n\t\t\t\t\t<\/div>\n\t\t<\/div>\n\t\t\t\t\t<\/div>\n\t\t<\/section>\n\t\t\t\t<section class=\"elementor-section elementor-top-section elementor-element elementor-element-f99f045 elementor-section-full_width elementor-section-height-default elementor-section-height-default\" data-id=\"f99f045\" data-element_type=\"section\" data-e-type=\"section\">\n\t\t\t\t\t\t<div class=\"elementor-container elementor-column-gap-default\">\n\t\t\t\t\t<div class=\"elementor-column elementor-col-100 elementor-top-column elementor-element elementor-element-bb56f75\" data-id=\"bb56f75\" data-element_type=\"column\" data-e-type=\"column\">\n\t\t\t<div class=\"elementor-widget-wrap elementor-element-populated\">\n\t\t\t\t\t\t<div class=\"elementor-element elementor-element-6c28dc5 haveAnyQuestionsSection elementor-widget elementor-widget-axtra_call_to_action\" data-id=\"6c28dc5\" data-element_type=\"widget\" data-e-type=\"widget\" data-widget_type=\"axtra_call_to_action.default\">\n\t\t\t\t<div class=\"elementor-widget-container\">\n\t\t\t\t\t\t\r\n    \t\r\n    <!-- CTA area start -->\r\n    <section class=\"faq__btm\">\r\n        <div class=\"container line pb-130\">\r\n        \t<div class=\"line-3\"><\/div>            <div class=\"row\">\r\n                <div class=\"col-xxl-12\">\r\n                    <div class=\"sec-title-wrapper\">\r\n                        <h2 class=\"sec-title title-anim\">Har du n\u00e5gra fr\u00e5gor?<\/h2>                                                                        <div id=\"btn_wrapper\">\r\n                        \t<a href=\"https:\/\/digital-dividend.com\/sv\/kontakta\/\" target=\"_blank\" rel=\"nofollow\" class=\"wc-btn-primary btn-hover btn-item\"><span><\/span>Kontakta oss <i class=\"fa-solid fa-arrow-right\"><\/i><\/a>\r\n                        <\/div>\r\n                                            <\/div>\r\n                <\/div>\r\n            <\/div>\r\n        <\/div>\r\n    <\/section>\r\n    <!-- CTA area end -->\r\n\t\r\n\t\t\t\t\t<\/div>\n\t\t\t\t<\/div>\n\t\t\t\t\t<\/div>\n\t\t<\/div>\n\t\t\t\t\t<\/div>\n\t\t<\/section>\n\t\t\t\t<\/div>\n\t\t","protected":false},"excerpt":{"rendered":"<p>En plats d\u00e4r du har kreativ frihet P\u00e5 Digital Dividend \u00e4r vi alltid p\u00e5 jakt efter individer som delar v\u00e5r vision f\u00f6r att f\u00f6rb\u00e4ttra livet f\u00f6r kunder och v\u00e5r v\u00e4rld med teknik. Om du vill ha en boost i IT-karri\u00e4ren och forts\u00e4tta din passion f\u00f6r att arbeta med den senaste tekniken, g\u00e5 d\u00e5 med i [&hellip;]<\/p>\n","protected":false},"author":5,"featured_media":0,"parent":0,"menu_order":0,"comment_status":"closed","ping_status":"closed","template":"elementor_header_footer","meta":{"footnotes":""},"class_list":["post-7997","page","type-page","status-publish","hentry"],"yoast_head":"<!-- This site is optimized with the Yoast SEO plugin v27.0 - https:\/\/yoast.com\/product\/yoast-seo-wordpress\/ -->\n<title>Jobba med oss \u200b\u200b- Digital Dividend Sverige<\/title>\n<meta name=\"description\" content=\"Arbeta med Digital Dividend Sverige f\u00f6r att bygga partnerskap eller g\u00e5 med i v\u00e5rt team. Utforska hur vi levererar digitala l\u00f6sningar och skapar tillv\u00e4xt.\" \/>\n<meta name=\"robots\" content=\"index, follow, max-snippet:-1, max-image-preview:large, max-video-preview:-1\" \/>\n<link rel=\"canonical\" href=\"https:\/\/digital-dividend.com\/sv\/arbeta-med-oss\/\" \/>\n<meta property=\"og:locale\" content=\"sv_SE\" \/>\n<meta property=\"og:type\" content=\"article\" \/>\n<meta property=\"og:title\" content=\"Jobba med oss \u200b\u200b- Digital Dividend Sverige\" \/>\n<meta property=\"og:description\" content=\"Arbeta med Digital Dividend Sverige f\u00f6r att bygga partnerskap eller g\u00e5 med i v\u00e5rt team. Utforska hur vi levererar digitala l\u00f6sningar och skapar tillv\u00e4xt.\" \/>\n<meta property=\"og:url\" content=\"https:\/\/digital-dividend.com\/sv\/arbeta-med-oss\/\" \/>\n<meta property=\"og:site_name\" content=\"Digital Dividend Sverige\" \/>\n<meta property=\"article:publisher\" content=\"https:\/\/facebook.com\/DigitalDividend\/\" \/>\n<meta property=\"article:modified_time\" content=\"2025-09-09T13:28:50+00:00\" \/>\n<meta name=\"twitter:card\" content=\"summary_large_image\" \/>\n<meta name=\"twitter:title\" content=\"Jobba med oss \u200b\u200b- Digital Dividend Sverige\" \/>\n<meta name=\"twitter:description\" content=\"Arbeta med Digital Dividend Sverige f\u00f6r att bygga partnerskap eller g\u00e5 med i v\u00e5rt team. Utforska hur vi levererar digitala l\u00f6sningar och skapar tillv\u00e4xt.\" \/>\n<meta name=\"twitter:label1\" content=\"Ber\u00e4knad l\u00e4stid\" \/>\n\t<meta name=\"twitter:data1\" content=\"1 minut\" \/>\n<script type=\"application\/ld+json\" class=\"yoast-schema-graph\">{\"@context\":\"https:\/\/schema.org\",\"@graph\":[{\"@type\":\"WebPage\",\"@id\":\"https:\/\/digital-dividend.com\/sv\/arbeta-med-oss\/\",\"url\":\"https:\/\/digital-dividend.com\/sv\/arbeta-med-oss\/\",\"name\":\"Jobba med oss \u200b\u200b- Digital Dividend Sverige\",\"isPartOf\":{\"@id\":\"https:\/\/digital-dividend.com\/sv\/#website\"},\"datePublished\":\"2023-07-17T14:09:48+00:00\",\"dateModified\":\"2025-09-09T13:28:50+00:00\",\"description\":\"Arbeta med Digital Dividend Sverige f\u00f6r att bygga partnerskap eller g\u00e5 med i v\u00e5rt team. Utforska hur vi levererar digitala l\u00f6sningar och skapar tillv\u00e4xt.\",\"breadcrumb\":{\"@id\":\"https:\/\/digital-dividend.com\/sv\/arbeta-med-oss\/#breadcrumb\"},\"inLanguage\":\"sv-SE\",\"potentialAction\":[{\"@type\":\"ReadAction\",\"target\":[\"https:\/\/digital-dividend.com\/sv\/arbeta-med-oss\/\"]}]},{\"@type\":\"BreadcrumbList\",\"@id\":\"https:\/\/digital-dividend.com\/sv\/arbeta-med-oss\/#breadcrumb\",\"itemListElement\":[{\"@type\":\"ListItem\",\"position\":1,\"name\":\"Home\",\"item\":\"https:\/\/digital-dividend.com\/sv\/\"},{\"@type\":\"ListItem\",\"position\":2,\"name\":\"Arbeta Med Oss\"}]},{\"@type\":\"WebSite\",\"@id\":\"https:\/\/digital-dividend.com\/sv\/#website\",\"url\":\"https:\/\/digital-dividend.com\/sv\/\",\"name\":\"Digital Dividend \u2013 Web And Mobile App Development Company\",\"description\":\"One of the leading web and mobile application development company in Sweden\",\"publisher\":{\"@id\":\"https:\/\/digital-dividend.com\/sv\/#organization\"},\"potentialAction\":[{\"@type\":\"SearchAction\",\"target\":{\"@type\":\"EntryPoint\",\"urlTemplate\":\"https:\/\/digital-dividend.com\/sv\/?s={search_term_string}\"},\"query-input\":{\"@type\":\"PropertyValueSpecification\",\"valueRequired\":true,\"valueName\":\"search_term_string\"}}],\"inLanguage\":\"sv-SE\"},{\"@type\":\"Organization\",\"@id\":\"https:\/\/digital-dividend.com\/sv\/#organization\",\"name\":\"Digital Dividend \u2013 Web And Mobile App Development Company\",\"url\":\"https:\/\/digital-dividend.com\/sv\/\",\"logo\":{\"@type\":\"ImageObject\",\"inLanguage\":\"sv-SE\",\"@id\":\"https:\/\/digital-dividend.com\/sv\/#\/schema\/logo\/image\/\",\"url\":\"https:\/\/digital-dividend.com\/wp-content\/uploads\/2024\/10\/ddlogocolor.webp\",\"contentUrl\":\"https:\/\/digital-dividend.com\/wp-content\/uploads\/2024\/10\/ddlogocolor.webp\",\"width\":492,\"height\":126,\"caption\":\"Digital Dividend \u2013 Web And Mobile App Development Company\"},\"image\":{\"@id\":\"https:\/\/digital-dividend.com\/sv\/#\/schema\/logo\/image\/\"},\"sameAs\":[\"https:\/\/facebook.com\/DigitalDividend\/\",\"https:\/\/www.instagram.com\/digital_dividend\/\",\"https:\/\/www.linkedin.com\/company\/digital-dividend\"]}]}<\/script>\n<!-- \/ Yoast SEO plugin. -->","yoast_head_json":{"title":"Jobba med oss \u200b\u200b- Digital Dividend Sverige","description":"Arbeta med Digital Dividend Sverige f\u00f6r att bygga partnerskap eller g\u00e5 med i v\u00e5rt team. Utforska hur vi levererar digitala l\u00f6sningar och skapar tillv\u00e4xt.","robots":{"index":"index","follow":"follow","max-snippet":"max-snippet:-1","max-image-preview":"max-image-preview:large","max-video-preview":"max-video-preview:-1"},"canonical":"https:\/\/digital-dividend.com\/sv\/arbeta-med-oss\/","og_locale":"sv_SE","og_type":"article","og_title":"Jobba med oss \u200b\u200b- Digital Dividend Sverige","og_description":"Arbeta med Digital Dividend Sverige f\u00f6r att bygga partnerskap eller g\u00e5 med i v\u00e5rt team. Utforska hur vi levererar digitala l\u00f6sningar och skapar tillv\u00e4xt.","og_url":"https:\/\/digital-dividend.com\/sv\/arbeta-med-oss\/","og_site_name":"Digital Dividend Sverige","article_publisher":"https:\/\/facebook.com\/DigitalDividend\/","article_modified_time":"2025-09-09T13:28:50+00:00","twitter_card":"summary_large_image","twitter_title":"Jobba med oss \u200b\u200b- Digital Dividend Sverige","twitter_description":"Arbeta med Digital Dividend Sverige f\u00f6r att bygga partnerskap eller g\u00e5 med i v\u00e5rt team. Utforska hur vi levererar digitala l\u00f6sningar och skapar tillv\u00e4xt.","twitter_misc":{"Ber\u00e4knad l\u00e4stid":"1 minut"},"schema":{"@context":"https:\/\/schema.org","@graph":[{"@type":"WebPage","@id":"https:\/\/digital-dividend.com\/sv\/arbeta-med-oss\/","url":"https:\/\/digital-dividend.com\/sv\/arbeta-med-oss\/","name":"Jobba med oss \u200b\u200b- Digital Dividend Sverige","isPartOf":{"@id":"https:\/\/digital-dividend.com\/sv\/#website"},"datePublished":"2023-07-17T14:09:48+00:00","dateModified":"2025-09-09T13:28:50+00:00","description":"Arbeta med Digital Dividend Sverige f\u00f6r att bygga partnerskap eller g\u00e5 med i v\u00e5rt team. Utforska hur vi levererar digitala l\u00f6sningar och skapar tillv\u00e4xt.","breadcrumb":{"@id":"https:\/\/digital-dividend.com\/sv\/arbeta-med-oss\/#breadcrumb"},"inLanguage":"sv-SE","potentialAction":[{"@type":"ReadAction","target":["https:\/\/digital-dividend.com\/sv\/arbeta-med-oss\/"]}]},{"@type":"BreadcrumbList","@id":"https:\/\/digital-dividend.com\/sv\/arbeta-med-oss\/#breadcrumb","itemListElement":[{"@type":"ListItem","position":1,"name":"Home","item":"https:\/\/digital-dividend.com\/sv\/"},{"@type":"ListItem","position":2,"name":"Arbeta Med Oss"}]},{"@type":"WebSite","@id":"https:\/\/digital-dividend.com\/sv\/#website","url":"https:\/\/digital-dividend.com\/sv\/","name":"Digital Dividend \u2013 Web And Mobile App Development Company","description":"One of the leading web and mobile application development company in Sweden","publisher":{"@id":"https:\/\/digital-dividend.com\/sv\/#organization"},"potentialAction":[{"@type":"SearchAction","target":{"@type":"EntryPoint","urlTemplate":"https:\/\/digital-dividend.com\/sv\/?s={search_term_string}"},"query-input":{"@type":"PropertyValueSpecification","valueRequired":true,"valueName":"search_term_string"}}],"inLanguage":"sv-SE"},{"@type":"Organization","@id":"https:\/\/digital-dividend.com\/sv\/#organization","name":"Digital Dividend \u2013 Web And Mobile App Development Company","url":"https:\/\/digital-dividend.com\/sv\/","logo":{"@type":"ImageObject","inLanguage":"sv-SE","@id":"https:\/\/digital-dividend.com\/sv\/#\/schema\/logo\/image\/","url":"https:\/\/digital-dividend.com\/wp-content\/uploads\/2024\/10\/ddlogocolor.webp","contentUrl":"https:\/\/digital-dividend.com\/wp-content\/uploads\/2024\/10\/ddlogocolor.webp","width":492,"height":126,"caption":"Digital Dividend \u2013 Web And Mobile App Development Company"},"image":{"@id":"https:\/\/digital-dividend.com\/sv\/#\/schema\/logo\/image\/"},"sameAs":["https:\/\/facebook.com\/DigitalDividend\/","https:\/\/www.instagram.com\/digital_dividend\/","https:\/\/www.linkedin.com\/company\/digital-dividend"]}]}},"_links":{"self":[{"href":"https:\/\/digital-dividend.com\/sv\/wp-json\/wp\/v2\/pages\/7997","targetHints":{"allow":["GET"]}}],"collection":[{"href":"https:\/\/digital-dividend.com\/sv\/wp-json\/wp\/v2\/pages"}],"about":[{"href":"https:\/\/digital-dividend.com\/sv\/wp-json\/wp\/v2\/types\/page"}],"author":[{"embeddable":true,"href":"https:\/\/digital-dividend.com\/sv\/wp-json\/wp\/v2\/users\/5"}],"replies":[{"embeddable":true,"href":"https:\/\/digital-dividend.com\/sv\/wp-json\/wp\/v2\/comments?post=7997"}],"version-history":[{"count":0,"href":"https:\/\/digital-dividend.com\/sv\/wp-json\/wp\/v2\/pages\/7997\/revisions"}],"wp:attachment":[{"href":"https:\/\/digital-dividend.com\/sv\/wp-json\/wp\/v2\/media?parent=7997"}],"curies":[{"name":"wp","href":"https:\/\/api.w.org\/{rel}","templated":true}]}}