{"id":10853,"date":"2023-08-31T14:13:23","date_gmt":"2023-08-31T14:13:23","guid":{"rendered":"https:\/\/powderblue-rat-509416.hostingersite.com\/?page_id=10853"},"modified":"2025-04-08T07:38:52","modified_gmt":"2025-04-08T07:38:52","slug":"newgenia","status":"publish","type":"page","link":"https:\/\/digital-dividend.com\/sv\/egna-projekt\/newgenia\/","title":{"rendered":"newGenia"},"content":{"rendered":"\t\t<div data-elementor-type=\"wp-page\" data-elementor-id=\"10853\" class=\"elementor elementor-10853\" data-elementor-post-type=\"page\">\n\t\t\t\t\t\t<section class=\"elementor-section elementor-top-section elementor-element elementor-element-4d89a46 container elementor-section-boxed elementor-section-height-default elementor-section-height-default\" data-id=\"4d89a46\" data-element_type=\"section\" data-e-type=\"section\">\n\t\t\t\t\t\t<div class=\"elementor-container elementor-column-gap-default\">\n\t\t\t\t\t<div class=\"elementor-column elementor-col-50 elementor-top-column elementor-element elementor-element-ad61689\" data-id=\"ad61689\" data-element_type=\"column\" data-e-type=\"column\">\n\t\t\t<div class=\"elementor-widget-wrap elementor-element-populated\">\n\t\t\t\t\t\t<div class=\"elementor-element elementor-element-bb6a48b elementor-widget elementor-widget-heading\" data-id=\"bb6a48b\" data-element_type=\"widget\" data-e-type=\"widget\" data-widget_type=\"heading.default\">\n\t\t\t\t<div class=\"elementor-widget-container\">\n\t\t\t\t\t<h1 class=\"elementor-heading-title elementor-size-default\"><span class=\"ez-toc-section\" id=\"newGenia\"><\/span><span style=\"color:#33669A\"> newGenia\n<\/span><span class=\"ez-toc-section-end\"><\/span><\/h1>\t\t\t\t<\/div>\n\t\t\t\t<\/div>\n\t\t\t\t\t<\/div>\n\t\t<\/div>\n\t\t\t\t<div class=\"elementor-column elementor-col-50 elementor-top-column elementor-element elementor-element-64dc40e\" data-id=\"64dc40e\" data-element_type=\"column\" data-e-type=\"column\">\n\t\t\t<div class=\"elementor-widget-wrap elementor-element-populated\">\n\t\t\t\t\t\t<section class=\"elementor-section elementor-inner-section elementor-element elementor-element-f16a945 elementor-section-boxed elementor-section-height-default elementor-section-height-default\" data-id=\"f16a945\" data-element_type=\"section\" data-e-type=\"section\">\n\t\t\t\t\t\t<div class=\"elementor-container elementor-column-gap-default\">\n\t\t\t\t\t<div class=\"elementor-column elementor-col-50 elementor-inner-column elementor-element elementor-element-0b3a433\" data-id=\"0b3a433\" data-element_type=\"column\" data-e-type=\"column\">\n\t\t\t<div class=\"elementor-widget-wrap\">\n\t\t\t\t\t\t\t<\/div>\n\t\t<\/div>\n\t\t\t\t<div class=\"elementor-column elementor-col-50 elementor-inner-column elementor-element elementor-element-fc675e0\" data-id=\"fc675e0\" data-element_type=\"column\" data-e-type=\"column\">\n\t\t\t<div class=\"elementor-widget-wrap\">\n\t\t\t\t\t\t\t<\/div>\n\t\t<\/div>\n\t\t\t\t\t<\/div>\n\t\t<\/section>\n\t\t\t\t\t<\/div>\n\t\t<\/div>\n\t\t\t\t\t<\/div>\n\t\t<\/section>\n\t\t\t\t<section class=\"elementor-section elementor-top-section elementor-element elementor-element-81e2263 container animated-slow elementor-section-boxed elementor-section-height-default elementor-section-height-default elementor-invisible\" data-id=\"81e2263\" data-element_type=\"section\" data-e-type=\"section\" data-settings=\"{&quot;animation&quot;:&quot;slideInUp&quot;}\">\n\t\t\t\t\t\t<div class=\"elementor-container elementor-column-gap-default\">\n\t\t\t\t\t<div class=\"elementor-column elementor-col-50 elementor-top-column elementor-element elementor-element-4b1521d\" data-id=\"4b1521d\" data-element_type=\"column\" data-e-type=\"column\">\n\t\t\t<div class=\"elementor-widget-wrap elementor-element-populated\">\n\t\t\t\t\t\t<div class=\"elementor-element elementor-element-288ed2c elementor-widget elementor-widget-text-editor\" data-id=\"288ed2c\" data-element_type=\"widget\" data-e-type=\"widget\" data-widget_type=\"text-editor.default\">\n\t\t\t\t<div class=\"elementor-widget-container\">\n\t\t\t\t\t\t\t\t\t<p>Varje \u00e5r f\u00f6rlorar tusentals m\u00e4nniskor sina liv p\u00e5 grund av \u00e4rftliga sjukdomar som br\u00f6stcancer, p\u00e5 grund av de h\u00f6ga kostnaderna f\u00f6r genomisk diagnos eller den l\u00e5ngsamma hastigheten p\u00e5 s\u00e5dan analys. Dessutom saknar m\u00e5nga l\u00e4nder till och med m\u00f6jligheterna att genomf\u00f6ra genomisk diagnos \u00f6verhuvudtaget.<\/p><p>\u00a0<\/p><p>Newgenia och Digital Dividend arbetar f\u00f6r att l\u00f6sa detta problem och skapa en l\u00f6sning som m\u00f6jligg\u00f6r snabbare, s\u00e4krare och billigare analys av genomisk data f\u00f6r alla som beh\u00f6ver det. Digital Dividend st\u00f6djer detta genom personal och kapital.<\/p><p>\u00a0<\/p><p>L\u00e4s mer h\u00e4r:\u00a0<span style=\"text-decoration: underline;\"><a href=\"http:\/\/www.newgenia.com\/\" target=\"_blank\" rel=\"noopener\">www.newgenia.com<\/a><\/span><\/p>\t\t\t\t\t\t\t\t<\/div>\n\t\t\t\t<\/div>\n\t\t\t\t\t<\/div>\n\t\t<\/div>\n\t\t\t\t<div class=\"elementor-column elementor-col-50 elementor-top-column elementor-element elementor-element-cd701c6\" data-id=\"cd701c6\" data-element_type=\"column\" data-e-type=\"column\">\n\t\t\t<div class=\"elementor-widget-wrap elementor-element-populated\">\n\t\t\t\t\t\t<div class=\"elementor-element elementor-element-c080957 elementor-widget elementor-widget-image\" data-id=\"c080957\" data-element_type=\"widget\" data-e-type=\"widget\" data-widget_type=\"image.default\">\n\t\t\t\t<div class=\"elementor-widget-container\">\n\t\t\t\t\t\t\t\t\t\t\t\t\t\t\t<img fetchpriority=\"high\" decoding=\"async\" width=\"1469\" height=\"1021\" src=\"https:\/\/digital-dividend.com\/wp-content\/uploads\/2023\/08\/newgenia-thumbnail.jpg\" class=\"attachment-full size-full wp-image-10835\" alt=\"\" srcset=\"https:\/\/digital-dividend.com\/wp-content\/uploads\/2023\/08\/newgenia-thumbnail.jpg 1469w, https:\/\/digital-dividend.com\/wp-content\/uploads\/2023\/08\/newgenia-thumbnail-300x209.jpg 300w, https:\/\/digital-dividend.com\/wp-content\/uploads\/2023\/08\/newgenia-thumbnail-1024x712.jpg 1024w, https:\/\/digital-dividend.com\/wp-content\/uploads\/2023\/08\/newgenia-thumbnail-768x534.jpg 768w, https:\/\/digital-dividend.com\/wp-content\/uploads\/2023\/08\/newgenia-thumbnail-719x500.jpg 719w, https:\/\/digital-dividend.com\/wp-content\/uploads\/2023\/08\/newgenia-thumbnail-542x377.jpg 542w\" sizes=\"(max-width: 1469px) 100vw, 1469px\" \/>\t\t\t\t\t\t\t\t\t\t\t\t\t\t\t<\/div>\n\t\t\t\t<\/div>\n\t\t\t\t\t<\/div>\n\t\t<\/div>\n\t\t\t\t\t<\/div>\n\t\t<\/section>\n\t\t\t\t<section class=\"elementor-section elementor-top-section elementor-element elementor-element-58c42a3 elementor-section-full_width elementor-section-height-default elementor-section-height-default\" data-id=\"58c42a3\" data-element_type=\"section\" data-e-type=\"section\">\n\t\t\t\t\t\t<div class=\"elementor-container elementor-column-gap-default\">\n\t\t\t\t\t<div class=\"elementor-column elementor-col-100 elementor-top-column elementor-element elementor-element-8ceaf92\" data-id=\"8ceaf92\" data-element_type=\"column\" data-e-type=\"column\">\n\t\t\t<div class=\"elementor-widget-wrap elementor-element-populated\">\n\t\t\t\t\t\t<div class=\"elementor-element elementor-element-6db12f7 elementor-widget elementor-widget-axtra_call_to_action\" data-id=\"6db12f7\" data-element_type=\"widget\" data-e-type=\"widget\" data-widget_type=\"axtra_call_to_action.default\">\n\t\t\t\t<div class=\"elementor-widget-container\">\n\t\t\t\t\t\t\r\n    \t\r\n    <!-- CTA area start -->\r\n    <section class=\"faq__btm\">\r\n        <div class=\"container line pb-130\">\r\n        \t<div class=\"line-3\"><\/div>            <div class=\"row\">\r\n                <div class=\"col-xxl-12\">\r\n                    <div class=\"sec-title-wrapper\">\r\n                        <h2 class=\"sec-title title-anim\"><span class=\"ez-toc-section\" id=\"Har_du_nagra_fragor\"><\/span>Har du n\u00e5gra fr\u00e5gor?<span class=\"ez-toc-section-end\"><\/span><\/h2>                                                                        <div id=\"btn_wrapper\">\r\n                        \t<a href=\"\/sv\/kontakta\/\" rel=\"nofollow\" class=\"wc-btn-primary btn-hover btn-item\"><span><\/span>Kontakta oss <i class=\"fa-solid fa-arrow-right\"><\/i><\/a>\r\n                        <\/div>\r\n                                            <\/div>\r\n                <\/div>\r\n            <\/div>\r\n        <\/div>\r\n    <\/section>\r\n    <!-- CTA area end -->\r\n\t\r\n\t\t\t\t\t<\/div>\n\t\t\t\t<\/div>\n\t\t\t\t\t<\/div>\n\t\t<\/div>\n\t\t\t\t\t<\/div>\n\t\t<\/section>\n\t\t\t\t<\/div>\n\t\t","protected":false},"excerpt":{"rendered":"<p>newGenia Varje \u00e5r f\u00f6rlorar tusentals m\u00e4nniskor sina liv p\u00e5 grund av \u00e4rftliga sjukdomar som br\u00f6stcancer, p\u00e5 grund av de h\u00f6ga kostnaderna f\u00f6r genomisk diagnos eller den l\u00e5ngsamma hastigheten p\u00e5 s\u00e5dan analys. Dessutom saknar m\u00e5nga l\u00e4nder till och med m\u00f6jligheterna att genomf\u00f6ra genomisk diagnos \u00f6verhuvudtaget. \u00a0 Newgenia och Digital Dividend arbetar f\u00f6r att l\u00f6sa detta problem [&hellip;]<\/p>\n","protected":false},"author":5,"featured_media":0,"parent":10833,"menu_order":0,"comment_status":"closed","ping_status":"closed","template":"tpl-default-elementor.php","meta":{"footnotes":""},"class_list":["post-10853","page","type-page","status-publish","hentry"],"yoast_head":"<!-- This site is optimized with the Yoast SEO plugin v27.0 - https:\/\/yoast.com\/product\/yoast-seo-wordpress\/ -->\n<title>newGenia - Digital Dividend Sverige<\/title>\n<meta name=\"robots\" content=\"index, follow, max-snippet:-1, max-image-preview:large, max-video-preview:-1\" \/>\n<link rel=\"canonical\" href=\"https:\/\/digital-dividend.com\/sv\/egna-projekt\/newgenia\/\" \/>\n<meta property=\"og:locale\" content=\"sv_SE\" \/>\n<meta property=\"og:type\" content=\"article\" \/>\n<meta property=\"og:title\" content=\"newGenia - Digital Dividend Sverige\" \/>\n<meta property=\"og:description\" content=\"newGenia Varje \u00e5r f\u00f6rlorar tusentals m\u00e4nniskor sina liv p\u00e5 grund av \u00e4rftliga sjukdomar som br\u00f6stcancer, p\u00e5 grund av de h\u00f6ga kostnaderna f\u00f6r genomisk diagnos eller den l\u00e5ngsamma hastigheten p\u00e5 s\u00e5dan analys. Dessutom saknar m\u00e5nga l\u00e4nder till och med m\u00f6jligheterna att genomf\u00f6ra genomisk diagnos \u00f6verhuvudtaget. \u00a0 Newgenia och Digital Dividend arbetar f\u00f6r att l\u00f6sa detta problem [&hellip;]\" \/>\n<meta property=\"og:url\" content=\"https:\/\/digital-dividend.com\/sv\/egna-projekt\/newgenia\/\" \/>\n<meta property=\"og:site_name\" content=\"Digital Dividend Sverige\" \/>\n<meta property=\"article:publisher\" content=\"https:\/\/facebook.com\/DigitalDividend\/\" \/>\n<meta property=\"article:modified_time\" content=\"2025-04-08T07:38:52+00:00\" \/>\n<meta property=\"og:image\" content=\"https:\/\/powderblue-rat-509416.hostingersite.com\/wp-content\/uploads\/2023\/08\/newgenia-thumbnail.jpg\" \/>\n<meta name=\"twitter:card\" content=\"summary_large_image\" \/>\n<meta name=\"twitter:label1\" content=\"Ber\u00e4knad l\u00e4stid\" \/>\n\t<meta name=\"twitter:data1\" content=\"1 minut\" \/>\n<script type=\"application\/ld+json\" class=\"yoast-schema-graph\">{\"@context\":\"https:\/\/schema.org\",\"@graph\":[{\"@type\":\"WebPage\",\"@id\":\"https:\/\/digital-dividend.com\/sv\/egna-projekt\/newgenia\/\",\"url\":\"https:\/\/digital-dividend.com\/sv\/egna-projekt\/newgenia\/\",\"name\":\"newGenia - Digital Dividend Sverige\",\"isPartOf\":{\"@id\":\"https:\/\/digital-dividend.com\/sv\/#website\"},\"primaryImageOfPage\":{\"@id\":\"https:\/\/digital-dividend.com\/sv\/egna-projekt\/newgenia\/#primaryimage\"},\"image\":{\"@id\":\"https:\/\/digital-dividend.com\/sv\/egna-projekt\/newgenia\/#primaryimage\"},\"thumbnailUrl\":\"https:\/\/powderblue-rat-509416.hostingersite.com\/wp-content\/uploads\/2023\/08\/newgenia-thumbnail.jpg\",\"datePublished\":\"2023-08-31T14:13:23+00:00\",\"dateModified\":\"2025-04-08T07:38:52+00:00\",\"breadcrumb\":{\"@id\":\"https:\/\/digital-dividend.com\/sv\/egna-projekt\/newgenia\/#breadcrumb\"},\"inLanguage\":\"sv-SE\",\"potentialAction\":[{\"@type\":\"ReadAction\",\"target\":[\"https:\/\/digital-dividend.com\/sv\/egna-projekt\/newgenia\/\"]}]},{\"@type\":\"ImageObject\",\"inLanguage\":\"sv-SE\",\"@id\":\"https:\/\/digital-dividend.com\/sv\/egna-projekt\/newgenia\/#primaryimage\",\"url\":\"https:\/\/powderblue-rat-509416.hostingersite.com\/wp-content\/uploads\/2023\/08\/newgenia-thumbnail.jpg\",\"contentUrl\":\"https:\/\/powderblue-rat-509416.hostingersite.com\/wp-content\/uploads\/2023\/08\/newgenia-thumbnail.jpg\"},{\"@type\":\"BreadcrumbList\",\"@id\":\"https:\/\/digital-dividend.com\/sv\/egna-projekt\/newgenia\/#breadcrumb\",\"itemListElement\":[{\"@type\":\"ListItem\",\"position\":1,\"name\":\"Home\",\"item\":\"https:\/\/digital-dividend.com\/sv\/\"},{\"@type\":\"ListItem\",\"position\":2,\"name\":\"Egna Projekt\",\"item\":\"https:\/\/digital-dividend.com\/sv\/egna-projekt\/\"},{\"@type\":\"ListItem\",\"position\":3,\"name\":\"newGenia\"}]},{\"@type\":\"WebSite\",\"@id\":\"https:\/\/digital-dividend.com\/sv\/#website\",\"url\":\"https:\/\/digital-dividend.com\/sv\/\",\"name\":\"Digital Dividend \u2013 Web And Mobile App Development Company\",\"description\":\"One of the leading web and mobile application development company in Sweden\",\"publisher\":{\"@id\":\"https:\/\/digital-dividend.com\/sv\/#organization\"},\"potentialAction\":[{\"@type\":\"SearchAction\",\"target\":{\"@type\":\"EntryPoint\",\"urlTemplate\":\"https:\/\/digital-dividend.com\/sv\/?s={search_term_string}\"},\"query-input\":{\"@type\":\"PropertyValueSpecification\",\"valueRequired\":true,\"valueName\":\"search_term_string\"}}],\"inLanguage\":\"sv-SE\"},{\"@type\":\"Organization\",\"@id\":\"https:\/\/digital-dividend.com\/sv\/#organization\",\"name\":\"Digital Dividend \u2013 Web And Mobile App Development Company\",\"url\":\"https:\/\/digital-dividend.com\/sv\/\",\"logo\":{\"@type\":\"ImageObject\",\"inLanguage\":\"sv-SE\",\"@id\":\"https:\/\/digital-dividend.com\/sv\/#\/schema\/logo\/image\/\",\"url\":\"https:\/\/digital-dividend.com\/wp-content\/uploads\/2024\/10\/ddlogocolor.webp\",\"contentUrl\":\"https:\/\/digital-dividend.com\/wp-content\/uploads\/2024\/10\/ddlogocolor.webp\",\"width\":492,\"height\":126,\"caption\":\"Digital Dividend \u2013 Web And Mobile App Development Company\"},\"image\":{\"@id\":\"https:\/\/digital-dividend.com\/sv\/#\/schema\/logo\/image\/\"},\"sameAs\":[\"https:\/\/facebook.com\/DigitalDividend\/\",\"https:\/\/www.instagram.com\/digital_dividend\/\",\"https:\/\/www.linkedin.com\/company\/digital-dividend\"]}]}<\/script>\n<!-- \/ Yoast SEO plugin. -->","yoast_head_json":{"title":"newGenia - Digital Dividend Sverige","robots":{"index":"index","follow":"follow","max-snippet":"max-snippet:-1","max-image-preview":"max-image-preview:large","max-video-preview":"max-video-preview:-1"},"canonical":"https:\/\/digital-dividend.com\/sv\/egna-projekt\/newgenia\/","og_locale":"sv_SE","og_type":"article","og_title":"newGenia - Digital Dividend Sverige","og_description":"newGenia Varje \u00e5r f\u00f6rlorar tusentals m\u00e4nniskor sina liv p\u00e5 grund av \u00e4rftliga sjukdomar som br\u00f6stcancer, p\u00e5 grund av de h\u00f6ga kostnaderna f\u00f6r genomisk diagnos eller den l\u00e5ngsamma hastigheten p\u00e5 s\u00e5dan analys. Dessutom saknar m\u00e5nga l\u00e4nder till och med m\u00f6jligheterna att genomf\u00f6ra genomisk diagnos \u00f6verhuvudtaget. \u00a0 Newgenia och Digital Dividend arbetar f\u00f6r att l\u00f6sa detta problem [&hellip;]","og_url":"https:\/\/digital-dividend.com\/sv\/egna-projekt\/newgenia\/","og_site_name":"Digital Dividend Sverige","article_publisher":"https:\/\/facebook.com\/DigitalDividend\/","article_modified_time":"2025-04-08T07:38:52+00:00","og_image":[{"url":"https:\/\/powderblue-rat-509416.hostingersite.com\/wp-content\/uploads\/2023\/08\/newgenia-thumbnail.jpg","type":"","width":"","height":""}],"twitter_card":"summary_large_image","twitter_misc":{"Ber\u00e4knad l\u00e4stid":"1 minut"},"schema":{"@context":"https:\/\/schema.org","@graph":[{"@type":"WebPage","@id":"https:\/\/digital-dividend.com\/sv\/egna-projekt\/newgenia\/","url":"https:\/\/digital-dividend.com\/sv\/egna-projekt\/newgenia\/","name":"newGenia - Digital Dividend Sverige","isPartOf":{"@id":"https:\/\/digital-dividend.com\/sv\/#website"},"primaryImageOfPage":{"@id":"https:\/\/digital-dividend.com\/sv\/egna-projekt\/newgenia\/#primaryimage"},"image":{"@id":"https:\/\/digital-dividend.com\/sv\/egna-projekt\/newgenia\/#primaryimage"},"thumbnailUrl":"https:\/\/powderblue-rat-509416.hostingersite.com\/wp-content\/uploads\/2023\/08\/newgenia-thumbnail.jpg","datePublished":"2023-08-31T14:13:23+00:00","dateModified":"2025-04-08T07:38:52+00:00","breadcrumb":{"@id":"https:\/\/digital-dividend.com\/sv\/egna-projekt\/newgenia\/#breadcrumb"},"inLanguage":"sv-SE","potentialAction":[{"@type":"ReadAction","target":["https:\/\/digital-dividend.com\/sv\/egna-projekt\/newgenia\/"]}]},{"@type":"ImageObject","inLanguage":"sv-SE","@id":"https:\/\/digital-dividend.com\/sv\/egna-projekt\/newgenia\/#primaryimage","url":"https:\/\/powderblue-rat-509416.hostingersite.com\/wp-content\/uploads\/2023\/08\/newgenia-thumbnail.jpg","contentUrl":"https:\/\/powderblue-rat-509416.hostingersite.com\/wp-content\/uploads\/2023\/08\/newgenia-thumbnail.jpg"},{"@type":"BreadcrumbList","@id":"https:\/\/digital-dividend.com\/sv\/egna-projekt\/newgenia\/#breadcrumb","itemListElement":[{"@type":"ListItem","position":1,"name":"Home","item":"https:\/\/digital-dividend.com\/sv\/"},{"@type":"ListItem","position":2,"name":"Egna Projekt","item":"https:\/\/digital-dividend.com\/sv\/egna-projekt\/"},{"@type":"ListItem","position":3,"name":"newGenia"}]},{"@type":"WebSite","@id":"https:\/\/digital-dividend.com\/sv\/#website","url":"https:\/\/digital-dividend.com\/sv\/","name":"Digital Dividend \u2013 Web And Mobile App Development Company","description":"One of the leading web and mobile application development company in Sweden","publisher":{"@id":"https:\/\/digital-dividend.com\/sv\/#organization"},"potentialAction":[{"@type":"SearchAction","target":{"@type":"EntryPoint","urlTemplate":"https:\/\/digital-dividend.com\/sv\/?s={search_term_string}"},"query-input":{"@type":"PropertyValueSpecification","valueRequired":true,"valueName":"search_term_string"}}],"inLanguage":"sv-SE"},{"@type":"Organization","@id":"https:\/\/digital-dividend.com\/sv\/#organization","name":"Digital Dividend \u2013 Web And Mobile App Development Company","url":"https:\/\/digital-dividend.com\/sv\/","logo":{"@type":"ImageObject","inLanguage":"sv-SE","@id":"https:\/\/digital-dividend.com\/sv\/#\/schema\/logo\/image\/","url":"https:\/\/digital-dividend.com\/wp-content\/uploads\/2024\/10\/ddlogocolor.webp","contentUrl":"https:\/\/digital-dividend.com\/wp-content\/uploads\/2024\/10\/ddlogocolor.webp","width":492,"height":126,"caption":"Digital Dividend \u2013 Web And Mobile App Development Company"},"image":{"@id":"https:\/\/digital-dividend.com\/sv\/#\/schema\/logo\/image\/"},"sameAs":["https:\/\/facebook.com\/DigitalDividend\/","https:\/\/www.instagram.com\/digital_dividend\/","https:\/\/www.linkedin.com\/company\/digital-dividend"]}]}},"_links":{"self":[{"href":"https:\/\/digital-dividend.com\/sv\/wp-json\/wp\/v2\/pages\/10853","targetHints":{"allow":["GET"]}}],"collection":[{"href":"https:\/\/digital-dividend.com\/sv\/wp-json\/wp\/v2\/pages"}],"about":[{"href":"https:\/\/digital-dividend.com\/sv\/wp-json\/wp\/v2\/types\/page"}],"author":[{"embeddable":true,"href":"https:\/\/digital-dividend.com\/sv\/wp-json\/wp\/v2\/users\/5"}],"replies":[{"embeddable":true,"href":"https:\/\/digital-dividend.com\/sv\/wp-json\/wp\/v2\/comments?post=10853"}],"version-history":[{"count":0,"href":"https:\/\/digital-dividend.com\/sv\/wp-json\/wp\/v2\/pages\/10853\/revisions"}],"up":[{"embeddable":true,"href":"https:\/\/digital-dividend.com\/sv\/wp-json\/wp\/v2\/pages\/10833"}],"wp:attachment":[{"href":"https:\/\/digital-dividend.com\/sv\/wp-json\/wp\/v2\/media?parent=10853"}],"curies":[{"name":"wp","href":"https:\/\/api.w.org\/{rel}","templated":true}]}}