{"id":10843,"date":"2023-08-31T14:10:29","date_gmt":"2023-08-31T14:10:29","guid":{"rendered":"https:\/\/powderblue-rat-509416.hostingersite.com\/?page_id=10843"},"modified":"2025-04-08T07:39:29","modified_gmt":"2025-04-08T07:39:29","slug":"speedoy","status":"publish","type":"page","link":"https:\/\/digital-dividend.com\/sv\/egna-projekt\/speedoy\/","title":{"rendered":"Speedoy"},"content":{"rendered":"\t\t<div data-elementor-type=\"wp-page\" data-elementor-id=\"10843\" class=\"elementor elementor-10843\" data-elementor-post-type=\"page\">\n\t\t\t\t\t\t<section class=\"elementor-section elementor-top-section elementor-element elementor-element-4d89a46 container elementor-section-boxed elementor-section-height-default elementor-section-height-default\" data-id=\"4d89a46\" data-element_type=\"section\" data-e-type=\"section\">\n\t\t\t\t\t\t<div class=\"elementor-container elementor-column-gap-default\">\n\t\t\t\t\t<div class=\"elementor-column elementor-col-50 elementor-top-column elementor-element elementor-element-ad61689\" data-id=\"ad61689\" data-element_type=\"column\" data-e-type=\"column\">\n\t\t\t<div class=\"elementor-widget-wrap elementor-element-populated\">\n\t\t\t\t\t\t<div class=\"elementor-element elementor-element-bb6a48b elementor-widget elementor-widget-heading\" data-id=\"bb6a48b\" data-element_type=\"widget\" data-e-type=\"widget\" data-widget_type=\"heading.default\">\n\t\t\t\t<div class=\"elementor-widget-container\">\n\t\t\t\t\t<h1 class=\"elementor-heading-title elementor-size-default\"><span class=\"ez-toc-section\" id=\"Speedoy\"><\/span><span style=\"color:#33669A\"> Speedoy\n<\/span><span class=\"ez-toc-section-end\"><\/span><\/h1>\t\t\t\t<\/div>\n\t\t\t\t<\/div>\n\t\t\t\t\t<\/div>\n\t\t<\/div>\n\t\t\t\t<div class=\"elementor-column elementor-col-50 elementor-top-column elementor-element elementor-element-64dc40e\" data-id=\"64dc40e\" data-element_type=\"column\" data-e-type=\"column\">\n\t\t\t<div class=\"elementor-widget-wrap elementor-element-populated\">\n\t\t\t\t\t\t<section class=\"elementor-section elementor-inner-section elementor-element elementor-element-f16a945 elementor-section-boxed elementor-section-height-default elementor-section-height-default\" data-id=\"f16a945\" data-element_type=\"section\" data-e-type=\"section\">\n\t\t\t\t\t\t<div class=\"elementor-container elementor-column-gap-default\">\n\t\t\t\t\t<div class=\"elementor-column elementor-col-50 elementor-inner-column elementor-element elementor-element-0b3a433\" data-id=\"0b3a433\" data-element_type=\"column\" data-e-type=\"column\">\n\t\t\t<div class=\"elementor-widget-wrap\">\n\t\t\t\t\t\t\t<\/div>\n\t\t<\/div>\n\t\t\t\t<div class=\"elementor-column elementor-col-50 elementor-inner-column elementor-element elementor-element-fc675e0\" data-id=\"fc675e0\" data-element_type=\"column\" data-e-type=\"column\">\n\t\t\t<div class=\"elementor-widget-wrap\">\n\t\t\t\t\t\t\t<\/div>\n\t\t<\/div>\n\t\t\t\t\t<\/div>\n\t\t<\/section>\n\t\t\t\t\t<\/div>\n\t\t<\/div>\n\t\t\t\t\t<\/div>\n\t\t<\/section>\n\t\t\t\t<section class=\"elementor-section elementor-top-section elementor-element elementor-element-81e2263 container animated-slow elementor-section-boxed elementor-section-height-default elementor-section-height-default elementor-invisible\" data-id=\"81e2263\" data-element_type=\"section\" data-e-type=\"section\" data-settings=\"{&quot;animation&quot;:&quot;slideInUp&quot;}\">\n\t\t\t\t\t\t<div class=\"elementor-container elementor-column-gap-default\">\n\t\t\t\t\t<div class=\"elementor-column elementor-col-50 elementor-top-column elementor-element elementor-element-4b1521d\" data-id=\"4b1521d\" data-element_type=\"column\" data-e-type=\"column\">\n\t\t\t<div class=\"elementor-widget-wrap elementor-element-populated\">\n\t\t\t\t\t\t<div class=\"elementor-element elementor-element-288ed2c elementor-widget elementor-widget-text-editor\" data-id=\"288ed2c\" data-element_type=\"widget\" data-e-type=\"widget\" data-widget_type=\"text-editor.default\">\n\t\t\t\t<div class=\"elementor-widget-container\">\n\t\t\t\t\t\t\t\t\t<p>Speedoy \u00e4r en plattform f\u00f6r online-best\u00e4llning av mat f\u00f6r restauranger, som g\u00f6r det m\u00f6jligt f\u00f6r kunder att g\u00f6ra best\u00e4llningar online fr\u00e5n restaurangens egna webbplats och mobilapp.<br \/><br \/><\/p><p><strong>\u00d6kad R\u00e4ckvidd:<\/strong>\u00a0Speedoy \u00f6kar restaurangens r\u00e4ckvidd j\u00e4mf\u00f6rt med konkurrenter genom att anv\u00e4nda sig av Online Webbplatsbokning, Mobilappar, Appar f\u00f6r Best\u00e4llningshantering, Leveransappar, och andra funktioner.<\/p><p>\u00a0<\/p><p><strong>B<\/strong><strong>\u00e4ttre Kundanskaffning:<\/strong>\u00a0V\u00e5rt SEO-v\u00e4nliga system placerar restaurangen h\u00f6gst upp i s\u00f6kresultaten. P\u00e5 s\u00e5 vis kan nya hungriga kunder hitta restaurangen p\u00e5 n\u00e5gra sekunder, och varifr\u00e5n som helst.<\/p><p>\u00a0<\/p><p><strong>V\u00e4rdefulla Kundinsikter:<\/strong>\u00a0Speedoy ger dig tillg\u00e5ng till v\u00e4rdefull data f\u00f6r varje best\u00e4llning du tar emot, vilket hj\u00e4lper dig l\u00e4ra k\u00e4nna din m\u00e5lgrupp b\u00e4ttre. \u00d6kad kunskap om kunder g\u00f6r det enklare att f\u00f6rb\u00e4ttra kundupplevelsen och n\u00f6jdheten.<\/p><p>\u00a0<\/p><p><strong>Enskilda och Flera Filialer:<\/strong>\u00a0En komplett digital l\u00f6sning f\u00f6r restaurang\u00e4gare med flera filialer eller avdelningar. G\u00f6r det m\u00f6jligt att hantera best\u00e4llningar, kunder och data fr\u00e5n olika restaurangfilialer genom en enda varum\u00e4rkt app och webbplats.<\/p><p>\u00a0<\/p><p><strong>Dedikerad Kundsupport:<\/strong>\u00a0Supporten finns tillg\u00e4nglig n\u00e4r som helst under veckan. V\u00e5rt dedikerade supportteam finns alltid d\u00e4r f\u00f6r att ge v\u00e5ra kunder l\u00e5ngsiktig support som anpassas efter deras verksamhets specifikationer.<\/p><p>\u00a0<\/p><p><strong>Enkel och Snabb Installation:<\/strong>\u00a0Precis som v\u00e5rt namn talar om, s\u00e5 \u00e4lskar vi att p\u00e5skynda saker. Ist\u00e4llet f\u00f6r att v\u00e4nta m\u00e5nader och veckor p\u00e5 att f\u00e5 en varum\u00e4rkt mobilapp och webbplats kan du f\u00e5 det med Speedoy inom n\u00e5gra f\u00e5 timmar, med fullt integrerade verktyg.<\/p>\t\t\t\t\t\t\t\t<\/div>\n\t\t\t\t<\/div>\n\t\t\t\t\t<\/div>\n\t\t<\/div>\n\t\t\t\t<div class=\"elementor-column elementor-col-50 elementor-top-column elementor-element elementor-element-cd701c6\" data-id=\"cd701c6\" data-element_type=\"column\" data-e-type=\"column\">\n\t\t\t<div class=\"elementor-widget-wrap elementor-element-populated\">\n\t\t\t\t\t\t<div class=\"elementor-element elementor-element-c080957 elementor-widget elementor-widget-image\" data-id=\"c080957\" data-element_type=\"widget\" data-e-type=\"widget\" data-widget_type=\"image.default\">\n\t\t\t\t<div class=\"elementor-widget-container\">\n\t\t\t\t\t\t\t\t\t\t\t\t\t\t\t<img fetchpriority=\"high\" decoding=\"async\" width=\"773\" height=\"642\" src=\"https:\/\/digital-dividend.com\/wp-content\/uploads\/2023\/08\/speedoy-banner.png\" class=\"attachment-full size-full wp-image-10848\" alt=\"\" srcset=\"https:\/\/digital-dividend.com\/wp-content\/uploads\/2023\/08\/speedoy-banner.png 773w, https:\/\/digital-dividend.com\/wp-content\/uploads\/2023\/08\/speedoy-banner-300x249.png 300w, https:\/\/digital-dividend.com\/wp-content\/uploads\/2023\/08\/speedoy-banner-768x638.png 768w, https:\/\/digital-dividend.com\/wp-content\/uploads\/2023\/08\/speedoy-banner-602x500.png 602w, https:\/\/digital-dividend.com\/wp-content\/uploads\/2023\/08\/speedoy-banner-542x450.png 542w\" sizes=\"(max-width: 773px) 100vw, 773px\" \/>\t\t\t\t\t\t\t\t\t\t\t\t\t\t\t<\/div>\n\t\t\t\t<\/div>\n\t\t\t\t\t<\/div>\n\t\t<\/div>\n\t\t\t\t\t<\/div>\n\t\t<\/section>\n\t\t\t\t<section class=\"elementor-section elementor-top-section elementor-element elementor-element-58c42a3 elementor-section-full_width elementor-section-height-default elementor-section-height-default\" data-id=\"58c42a3\" data-element_type=\"section\" data-e-type=\"section\">\n\t\t\t\t\t\t<div class=\"elementor-container elementor-column-gap-default\">\n\t\t\t\t\t<div class=\"elementor-column elementor-col-100 elementor-top-column elementor-element elementor-element-8ceaf92\" data-id=\"8ceaf92\" data-element_type=\"column\" data-e-type=\"column\">\n\t\t\t<div class=\"elementor-widget-wrap elementor-element-populated\">\n\t\t\t\t\t\t<div class=\"elementor-element elementor-element-6db12f7 elementor-widget elementor-widget-axtra_call_to_action\" data-id=\"6db12f7\" data-element_type=\"widget\" data-e-type=\"widget\" data-widget_type=\"axtra_call_to_action.default\">\n\t\t\t\t<div class=\"elementor-widget-container\">\n\t\t\t\t\t\t\r\n    \t\r\n    <!-- CTA area start -->\r\n    <section class=\"faq__btm\">\r\n        <div class=\"container line pb-130\">\r\n        \t<div class=\"line-3\"><\/div>            <div class=\"row\">\r\n                <div class=\"col-xxl-12\">\r\n                    <div class=\"sec-title-wrapper\">\r\n                        <h2 class=\"sec-title title-anim\"><span class=\"ez-toc-section\" id=\"Har_du_nagra_fragor\"><\/span>Har du n\u00e5gra fr\u00e5gor?<span class=\"ez-toc-section-end\"><\/span><\/h2>                                                                        <div id=\"btn_wrapper\">\r\n                        \t<a href=\"\/sv\/kontakta\/\" rel=\"nofollow\" class=\"wc-btn-primary btn-hover btn-item\"><span><\/span>Kontakta oss <i class=\"fa-solid fa-arrow-right\"><\/i><\/a>\r\n                        <\/div>\r\n                                            <\/div>\r\n                <\/div>\r\n            <\/div>\r\n        <\/div>\r\n    <\/section>\r\n    <!-- CTA area end -->\r\n\t\r\n\t\t\t\t\t<\/div>\n\t\t\t\t<\/div>\n\t\t\t\t\t<\/div>\n\t\t<\/div>\n\t\t\t\t\t<\/div>\n\t\t<\/section>\n\t\t\t\t<\/div>\n\t\t","protected":false},"excerpt":{"rendered":"<p>Speedoy Speedoy \u00e4r en plattform f\u00f6r online-best\u00e4llning av mat f\u00f6r restauranger, som g\u00f6r det m\u00f6jligt f\u00f6r kunder att g\u00f6ra best\u00e4llningar online fr\u00e5n restaurangens egna webbplats och mobilapp. \u00d6kad R\u00e4ckvidd:\u00a0Speedoy \u00f6kar restaurangens r\u00e4ckvidd j\u00e4mf\u00f6rt med konkurrenter genom att anv\u00e4nda sig av Online Webbplatsbokning, Mobilappar, Appar f\u00f6r Best\u00e4llningshantering, Leveransappar, och andra funktioner. \u00a0 B\u00e4ttre Kundanskaffning:\u00a0V\u00e5rt SEO-v\u00e4nliga system [&hellip;]<\/p>\n","protected":false},"author":5,"featured_media":0,"parent":10833,"menu_order":0,"comment_status":"closed","ping_status":"closed","template":"tpl-default-elementor.php","meta":{"footnotes":""},"class_list":["post-10843","page","type-page","status-publish","hentry"],"yoast_head":"<!-- This site is optimized with the Yoast SEO plugin v27.0 - https:\/\/yoast.com\/product\/yoast-seo-wordpress\/ -->\n<title>Speedoy - Digital Dividend Sverige<\/title>\n<meta name=\"robots\" content=\"index, follow, max-snippet:-1, max-image-preview:large, max-video-preview:-1\" \/>\n<link rel=\"canonical\" href=\"https:\/\/digital-dividend.com\/sv\/egna-projekt\/speedoy\/\" \/>\n<meta property=\"og:locale\" content=\"sv_SE\" \/>\n<meta property=\"og:type\" content=\"article\" \/>\n<meta property=\"og:title\" content=\"Speedoy - Digital Dividend Sverige\" \/>\n<meta property=\"og:description\" content=\"Speedoy Speedoy \u00e4r en plattform f\u00f6r online-best\u00e4llning av mat f\u00f6r restauranger, som g\u00f6r det m\u00f6jligt f\u00f6r kunder att g\u00f6ra best\u00e4llningar online fr\u00e5n restaurangens egna webbplats och mobilapp. \u00d6kad R\u00e4ckvidd:\u00a0Speedoy \u00f6kar restaurangens r\u00e4ckvidd j\u00e4mf\u00f6rt med konkurrenter genom att anv\u00e4nda sig av Online Webbplatsbokning, Mobilappar, Appar f\u00f6r Best\u00e4llningshantering, Leveransappar, och andra funktioner. \u00a0 B\u00e4ttre Kundanskaffning:\u00a0V\u00e5rt SEO-v\u00e4nliga system [&hellip;]\" \/>\n<meta property=\"og:url\" content=\"https:\/\/digital-dividend.com\/sv\/egna-projekt\/speedoy\/\" \/>\n<meta property=\"og:site_name\" content=\"Digital Dividend Sverige\" \/>\n<meta property=\"article:publisher\" content=\"https:\/\/facebook.com\/DigitalDividend\/\" \/>\n<meta property=\"article:modified_time\" content=\"2025-04-08T07:39:29+00:00\" \/>\n<meta property=\"og:image\" content=\"https:\/\/powderblue-rat-509416.hostingersite.com\/wp-content\/uploads\/2023\/08\/speedoy-banner.png\" \/>\n<meta name=\"twitter:card\" content=\"summary_large_image\" \/>\n<meta name=\"twitter:label1\" content=\"Ber\u00e4knad l\u00e4stid\" \/>\n\t<meta name=\"twitter:data1\" content=\"2 minuter\" \/>\n<script type=\"application\/ld+json\" class=\"yoast-schema-graph\">{\"@context\":\"https:\/\/schema.org\",\"@graph\":[{\"@type\":\"WebPage\",\"@id\":\"https:\/\/digital-dividend.com\/sv\/egna-projekt\/speedoy\/\",\"url\":\"https:\/\/digital-dividend.com\/sv\/egna-projekt\/speedoy\/\",\"name\":\"Speedoy - Digital Dividend Sverige\",\"isPartOf\":{\"@id\":\"https:\/\/digital-dividend.com\/sv\/#website\"},\"primaryImageOfPage\":{\"@id\":\"https:\/\/digital-dividend.com\/sv\/egna-projekt\/speedoy\/#primaryimage\"},\"image\":{\"@id\":\"https:\/\/digital-dividend.com\/sv\/egna-projekt\/speedoy\/#primaryimage\"},\"thumbnailUrl\":\"https:\/\/powderblue-rat-509416.hostingersite.com\/wp-content\/uploads\/2023\/08\/speedoy-banner.png\",\"datePublished\":\"2023-08-31T14:10:29+00:00\",\"dateModified\":\"2025-04-08T07:39:29+00:00\",\"breadcrumb\":{\"@id\":\"https:\/\/digital-dividend.com\/sv\/egna-projekt\/speedoy\/#breadcrumb\"},\"inLanguage\":\"sv-SE\",\"potentialAction\":[{\"@type\":\"ReadAction\",\"target\":[\"https:\/\/digital-dividend.com\/sv\/egna-projekt\/speedoy\/\"]}]},{\"@type\":\"ImageObject\",\"inLanguage\":\"sv-SE\",\"@id\":\"https:\/\/digital-dividend.com\/sv\/egna-projekt\/speedoy\/#primaryimage\",\"url\":\"https:\/\/powderblue-rat-509416.hostingersite.com\/wp-content\/uploads\/2023\/08\/speedoy-banner.png\",\"contentUrl\":\"https:\/\/powderblue-rat-509416.hostingersite.com\/wp-content\/uploads\/2023\/08\/speedoy-banner.png\"},{\"@type\":\"BreadcrumbList\",\"@id\":\"https:\/\/digital-dividend.com\/sv\/egna-projekt\/speedoy\/#breadcrumb\",\"itemListElement\":[{\"@type\":\"ListItem\",\"position\":1,\"name\":\"Home\",\"item\":\"https:\/\/digital-dividend.com\/sv\/\"},{\"@type\":\"ListItem\",\"position\":2,\"name\":\"Egna Projekt\",\"item\":\"https:\/\/digital-dividend.com\/sv\/egna-projekt\/\"},{\"@type\":\"ListItem\",\"position\":3,\"name\":\"Speedoy\"}]},{\"@type\":\"WebSite\",\"@id\":\"https:\/\/digital-dividend.com\/sv\/#website\",\"url\":\"https:\/\/digital-dividend.com\/sv\/\",\"name\":\"Digital Dividend \u2013 Web And Mobile App Development Company\",\"description\":\"One of the leading web and mobile application development company in Sweden\",\"publisher\":{\"@id\":\"https:\/\/digital-dividend.com\/sv\/#organization\"},\"potentialAction\":[{\"@type\":\"SearchAction\",\"target\":{\"@type\":\"EntryPoint\",\"urlTemplate\":\"https:\/\/digital-dividend.com\/sv\/?s={search_term_string}\"},\"query-input\":{\"@type\":\"PropertyValueSpecification\",\"valueRequired\":true,\"valueName\":\"search_term_string\"}}],\"inLanguage\":\"sv-SE\"},{\"@type\":\"Organization\",\"@id\":\"https:\/\/digital-dividend.com\/sv\/#organization\",\"name\":\"Digital Dividend \u2013 Web And Mobile App Development Company\",\"url\":\"https:\/\/digital-dividend.com\/sv\/\",\"logo\":{\"@type\":\"ImageObject\",\"inLanguage\":\"sv-SE\",\"@id\":\"https:\/\/digital-dividend.com\/sv\/#\/schema\/logo\/image\/\",\"url\":\"https:\/\/digital-dividend.com\/wp-content\/uploads\/2024\/10\/ddlogocolor.webp\",\"contentUrl\":\"https:\/\/digital-dividend.com\/wp-content\/uploads\/2024\/10\/ddlogocolor.webp\",\"width\":492,\"height\":126,\"caption\":\"Digital Dividend \u2013 Web And Mobile App Development Company\"},\"image\":{\"@id\":\"https:\/\/digital-dividend.com\/sv\/#\/schema\/logo\/image\/\"},\"sameAs\":[\"https:\/\/facebook.com\/DigitalDividend\/\",\"https:\/\/www.instagram.com\/digital_dividend\/\",\"https:\/\/www.linkedin.com\/company\/digital-dividend\"]}]}<\/script>\n<!-- \/ Yoast SEO plugin. -->","yoast_head_json":{"title":"Speedoy - Digital Dividend Sverige","robots":{"index":"index","follow":"follow","max-snippet":"max-snippet:-1","max-image-preview":"max-image-preview:large","max-video-preview":"max-video-preview:-1"},"canonical":"https:\/\/digital-dividend.com\/sv\/egna-projekt\/speedoy\/","og_locale":"sv_SE","og_type":"article","og_title":"Speedoy - Digital Dividend Sverige","og_description":"Speedoy Speedoy \u00e4r en plattform f\u00f6r online-best\u00e4llning av mat f\u00f6r restauranger, som g\u00f6r det m\u00f6jligt f\u00f6r kunder att g\u00f6ra best\u00e4llningar online fr\u00e5n restaurangens egna webbplats och mobilapp. \u00d6kad R\u00e4ckvidd:\u00a0Speedoy \u00f6kar restaurangens r\u00e4ckvidd j\u00e4mf\u00f6rt med konkurrenter genom att anv\u00e4nda sig av Online Webbplatsbokning, Mobilappar, Appar f\u00f6r Best\u00e4llningshantering, Leveransappar, och andra funktioner. \u00a0 B\u00e4ttre Kundanskaffning:\u00a0V\u00e5rt SEO-v\u00e4nliga system [&hellip;]","og_url":"https:\/\/digital-dividend.com\/sv\/egna-projekt\/speedoy\/","og_site_name":"Digital Dividend Sverige","article_publisher":"https:\/\/facebook.com\/DigitalDividend\/","article_modified_time":"2025-04-08T07:39:29+00:00","og_image":[{"url":"https:\/\/powderblue-rat-509416.hostingersite.com\/wp-content\/uploads\/2023\/08\/speedoy-banner.png","type":"","width":"","height":""}],"twitter_card":"summary_large_image","twitter_misc":{"Ber\u00e4knad l\u00e4stid":"2 minuter"},"schema":{"@context":"https:\/\/schema.org","@graph":[{"@type":"WebPage","@id":"https:\/\/digital-dividend.com\/sv\/egna-projekt\/speedoy\/","url":"https:\/\/digital-dividend.com\/sv\/egna-projekt\/speedoy\/","name":"Speedoy - Digital Dividend Sverige","isPartOf":{"@id":"https:\/\/digital-dividend.com\/sv\/#website"},"primaryImageOfPage":{"@id":"https:\/\/digital-dividend.com\/sv\/egna-projekt\/speedoy\/#primaryimage"},"image":{"@id":"https:\/\/digital-dividend.com\/sv\/egna-projekt\/speedoy\/#primaryimage"},"thumbnailUrl":"https:\/\/powderblue-rat-509416.hostingersite.com\/wp-content\/uploads\/2023\/08\/speedoy-banner.png","datePublished":"2023-08-31T14:10:29+00:00","dateModified":"2025-04-08T07:39:29+00:00","breadcrumb":{"@id":"https:\/\/digital-dividend.com\/sv\/egna-projekt\/speedoy\/#breadcrumb"},"inLanguage":"sv-SE","potentialAction":[{"@type":"ReadAction","target":["https:\/\/digital-dividend.com\/sv\/egna-projekt\/speedoy\/"]}]},{"@type":"ImageObject","inLanguage":"sv-SE","@id":"https:\/\/digital-dividend.com\/sv\/egna-projekt\/speedoy\/#primaryimage","url":"https:\/\/powderblue-rat-509416.hostingersite.com\/wp-content\/uploads\/2023\/08\/speedoy-banner.png","contentUrl":"https:\/\/powderblue-rat-509416.hostingersite.com\/wp-content\/uploads\/2023\/08\/speedoy-banner.png"},{"@type":"BreadcrumbList","@id":"https:\/\/digital-dividend.com\/sv\/egna-projekt\/speedoy\/#breadcrumb","itemListElement":[{"@type":"ListItem","position":1,"name":"Home","item":"https:\/\/digital-dividend.com\/sv\/"},{"@type":"ListItem","position":2,"name":"Egna Projekt","item":"https:\/\/digital-dividend.com\/sv\/egna-projekt\/"},{"@type":"ListItem","position":3,"name":"Speedoy"}]},{"@type":"WebSite","@id":"https:\/\/digital-dividend.com\/sv\/#website","url":"https:\/\/digital-dividend.com\/sv\/","name":"Digital Dividend \u2013 Web And Mobile App Development Company","description":"One of the leading web and mobile application development company in Sweden","publisher":{"@id":"https:\/\/digital-dividend.com\/sv\/#organization"},"potentialAction":[{"@type":"SearchAction","target":{"@type":"EntryPoint","urlTemplate":"https:\/\/digital-dividend.com\/sv\/?s={search_term_string}"},"query-input":{"@type":"PropertyValueSpecification","valueRequired":true,"valueName":"search_term_string"}}],"inLanguage":"sv-SE"},{"@type":"Organization","@id":"https:\/\/digital-dividend.com\/sv\/#organization","name":"Digital Dividend \u2013 Web And Mobile App Development Company","url":"https:\/\/digital-dividend.com\/sv\/","logo":{"@type":"ImageObject","inLanguage":"sv-SE","@id":"https:\/\/digital-dividend.com\/sv\/#\/schema\/logo\/image\/","url":"https:\/\/digital-dividend.com\/wp-content\/uploads\/2024\/10\/ddlogocolor.webp","contentUrl":"https:\/\/digital-dividend.com\/wp-content\/uploads\/2024\/10\/ddlogocolor.webp","width":492,"height":126,"caption":"Digital Dividend \u2013 Web And Mobile App Development Company"},"image":{"@id":"https:\/\/digital-dividend.com\/sv\/#\/schema\/logo\/image\/"},"sameAs":["https:\/\/facebook.com\/DigitalDividend\/","https:\/\/www.instagram.com\/digital_dividend\/","https:\/\/www.linkedin.com\/company\/digital-dividend"]}]}},"_links":{"self":[{"href":"https:\/\/digital-dividend.com\/sv\/wp-json\/wp\/v2\/pages\/10843","targetHints":{"allow":["GET"]}}],"collection":[{"href":"https:\/\/digital-dividend.com\/sv\/wp-json\/wp\/v2\/pages"}],"about":[{"href":"https:\/\/digital-dividend.com\/sv\/wp-json\/wp\/v2\/types\/page"}],"author":[{"embeddable":true,"href":"https:\/\/digital-dividend.com\/sv\/wp-json\/wp\/v2\/users\/5"}],"replies":[{"embeddable":true,"href":"https:\/\/digital-dividend.com\/sv\/wp-json\/wp\/v2\/comments?post=10843"}],"version-history":[{"count":0,"href":"https:\/\/digital-dividend.com\/sv\/wp-json\/wp\/v2\/pages\/10843\/revisions"}],"up":[{"embeddable":true,"href":"https:\/\/digital-dividend.com\/sv\/wp-json\/wp\/v2\/pages\/10833"}],"wp:attachment":[{"href":"https:\/\/digital-dividend.com\/sv\/wp-json\/wp\/v2\/media?parent=10843"}],"curies":[{"name":"wp","href":"https:\/\/api.w.org\/{rel}","templated":true}]}}