{"id":10833,"date":"2023-08-31T14:04:39","date_gmt":"2023-08-31T14:04:39","guid":{"rendered":"https:\/\/powderblue-rat-509416.hostingersite.com\/?page_id=10833"},"modified":"2025-09-09T10:16:50","modified_gmt":"2025-09-09T10:16:50","slug":"egna-projekt","status":"publish","type":"page","link":"https:\/\/digital-dividend.com\/sv\/egna-projekt\/","title":{"rendered":"Egna Projekt"},"content":{"rendered":"\t\t<div data-elementor-type=\"wp-page\" data-elementor-id=\"10833\" class=\"elementor elementor-10833\" data-elementor-post-type=\"page\">\n\t\t\t\t\t\t<section class=\"elementor-section elementor-top-section elementor-element elementor-element-70d8e05 elementor-section-full_width container elementor-section-height-default elementor-section-height-default\" data-id=\"70d8e05\" data-element_type=\"section\" data-e-type=\"section\">\n\t\t\t\t\t\t<div class=\"elementor-container elementor-column-gap-default\">\n\t\t\t\t\t<div class=\"elementor-column elementor-col-100 elementor-top-column elementor-element elementor-element-d457642\" data-id=\"d457642\" data-element_type=\"column\" data-e-type=\"column\">\n\t\t\t<div class=\"elementor-widget-wrap elementor-element-populated\">\n\t\t\t\t\t\t<div class=\"elementor-element elementor-element-f402966 elementor-widget elementor-widget-heading\" data-id=\"f402966\" data-element_type=\"widget\" data-e-type=\"widget\" data-widget_type=\"heading.default\">\n\t\t\t\t<div class=\"elementor-widget-container\">\n\t\t\t\t\t<h1 class=\"elementor-heading-title elementor-size-default\">Egna <span style=\"color:#121212\">projekt<\/span><\/h1>\t\t\t\t<\/div>\n\t\t\t\t<\/div>\n\t\t\t\t\t<\/div>\n\t\t<\/div>\n\t\t\t\t\t<\/div>\n\t\t<\/section>\n\t\t\t\t<section class=\"elementor-section elementor-top-section elementor-element elementor-element-486e08e responsive-column container elementor-section-boxed elementor-section-height-default elementor-section-height-default\" data-id=\"486e08e\" data-element_type=\"section\" data-e-type=\"section\">\n\t\t\t\t\t\t<div class=\"elementor-container elementor-column-gap-default\">\n\t\t\t\t\t<div class=\"elementor-column elementor-col-50 elementor-top-column elementor-element elementor-element-2bfd6f2\" data-id=\"2bfd6f2\" data-element_type=\"column\" data-e-type=\"column\">\n\t\t\t<div class=\"elementor-widget-wrap elementor-element-populated\">\n\t\t\t\t\t\t<div class=\"elementor-element elementor-element-c8df675 elementor-widget elementor-widget-image\" data-id=\"c8df675\" data-element_type=\"widget\" data-e-type=\"widget\" data-widget_type=\"image.default\">\n\t\t\t\t<div class=\"elementor-widget-container\">\n\t\t\t\t\t\t\t\t\t\t\t\t\t\t\t<img fetchpriority=\"high\" decoding=\"async\" width=\"1469\" height=\"1021\" src=\"https:\/\/digital-dividend.com\/wp-content\/uploads\/2023\/08\/speedoy-thumbnail.jpg\" class=\"attachment-full size-full wp-image-10837\" alt=\"\" srcset=\"https:\/\/digital-dividend.com\/wp-content\/uploads\/2023\/08\/speedoy-thumbnail.jpg 1469w, https:\/\/digital-dividend.com\/wp-content\/uploads\/2023\/08\/speedoy-thumbnail-300x209.jpg 300w, https:\/\/digital-dividend.com\/wp-content\/uploads\/2023\/08\/speedoy-thumbnail-1024x712.jpg 1024w, https:\/\/digital-dividend.com\/wp-content\/uploads\/2023\/08\/speedoy-thumbnail-768x534.jpg 768w, https:\/\/digital-dividend.com\/wp-content\/uploads\/2023\/08\/speedoy-thumbnail-719x500.jpg 719w, https:\/\/digital-dividend.com\/wp-content\/uploads\/2023\/08\/speedoy-thumbnail-542x377.jpg 542w\" sizes=\"(max-width: 1469px) 100vw, 1469px\" \/>\t\t\t\t\t\t\t\t\t\t\t\t\t\t\t<\/div>\n\t\t\t\t<\/div>\n\t\t\t\t<section class=\"elementor-section elementor-inner-section elementor-element elementor-element-dc2a007 elementor-section-boxed elementor-section-height-default elementor-section-height-default\" data-id=\"dc2a007\" data-element_type=\"section\" data-e-type=\"section\">\n\t\t\t\t\t\t<div class=\"elementor-container elementor-column-gap-default\">\n\t\t\t\t\t<div class=\"elementor-column elementor-col-50 elementor-inner-column elementor-element elementor-element-796a3cd\" data-id=\"796a3cd\" data-element_type=\"column\" data-e-type=\"column\">\n\t\t\t<div class=\"elementor-widget-wrap elementor-element-populated\">\n\t\t\t\t\t\t<div class=\"elementor-element elementor-element-063d474 elementor-widget elementor-widget-heading\" data-id=\"063d474\" data-element_type=\"widget\" data-e-type=\"widget\" data-widget_type=\"heading.default\">\n\t\t\t\t<div class=\"elementor-widget-container\">\n\t\t\t\t\t<h2 class=\"elementor-heading-title elementor-size-default\">Speedoy<\/h2>\t\t\t\t<\/div>\n\t\t\t\t<\/div>\n\t\t\t\t\t<\/div>\n\t\t<\/div>\n\t\t\t\t<div class=\"elementor-column elementor-col-50 elementor-inner-column elementor-element elementor-element-9c2299c\" data-id=\"9c2299c\" data-element_type=\"column\" data-e-type=\"column\">\n\t\t\t<div class=\"elementor-widget-wrap elementor-element-populated\">\n\t\t\t\t\t\t<div class=\"elementor-element elementor-element-9e57de0 elementor-widget elementor-widget-heading\" data-id=\"9e57de0\" data-element_type=\"widget\" data-e-type=\"widget\" data-widget_type=\"heading.default\">\n\t\t\t\t<div class=\"elementor-widget-container\">\n\t\t\t\t\t<h2 class=\"elementor-heading-title elementor-size-default\"><a href=\"https:\/\/digital-dividend.com\/sv\/egna-projekt\/speedoy\/\">Visa detaljer<\/a><\/h2>\t\t\t\t<\/div>\n\t\t\t\t<\/div>\n\t\t\t\t\t<\/div>\n\t\t<\/div>\n\t\t\t\t\t<\/div>\n\t\t<\/section>\n\t\t\t\t\t<\/div>\n\t\t<\/div>\n\t\t\t\t<div class=\"elementor-column elementor-col-50 elementor-top-column elementor-element elementor-element-62c92cc\" data-id=\"62c92cc\" data-element_type=\"column\" data-e-type=\"column\">\n\t\t\t<div class=\"elementor-widget-wrap elementor-element-populated\">\n\t\t\t\t\t\t<div class=\"elementor-element elementor-element-75a38bb elementor-widget elementor-widget-image\" data-id=\"75a38bb\" data-element_type=\"widget\" data-e-type=\"widget\" data-widget_type=\"image.default\">\n\t\t\t\t<div class=\"elementor-widget-container\">\n\t\t\t\t\t\t\t\t\t\t\t\t\t\t\t<img decoding=\"async\" width=\"1469\" height=\"1021\" src=\"https:\/\/digital-dividend.com\/wp-content\/uploads\/2023\/08\/newgenia-thumbnail.jpg\" class=\"attachment-full size-full wp-image-10835\" alt=\"\" srcset=\"https:\/\/digital-dividend.com\/wp-content\/uploads\/2023\/08\/newgenia-thumbnail.jpg 1469w, https:\/\/digital-dividend.com\/wp-content\/uploads\/2023\/08\/newgenia-thumbnail-300x209.jpg 300w, https:\/\/digital-dividend.com\/wp-content\/uploads\/2023\/08\/newgenia-thumbnail-1024x712.jpg 1024w, https:\/\/digital-dividend.com\/wp-content\/uploads\/2023\/08\/newgenia-thumbnail-768x534.jpg 768w, https:\/\/digital-dividend.com\/wp-content\/uploads\/2023\/08\/newgenia-thumbnail-719x500.jpg 719w, https:\/\/digital-dividend.com\/wp-content\/uploads\/2023\/08\/newgenia-thumbnail-542x377.jpg 542w\" sizes=\"(max-width: 1469px) 100vw, 1469px\" \/>\t\t\t\t\t\t\t\t\t\t\t\t\t\t\t<\/div>\n\t\t\t\t<\/div>\n\t\t\t\t<section class=\"elementor-section elementor-inner-section elementor-element elementor-element-19059e1 elementor-section-boxed elementor-section-height-default elementor-section-height-default\" data-id=\"19059e1\" data-element_type=\"section\" data-e-type=\"section\">\n\t\t\t\t\t\t<div class=\"elementor-container elementor-column-gap-default\">\n\t\t\t\t\t<div class=\"elementor-column elementor-col-50 elementor-inner-column elementor-element elementor-element-87df39d\" data-id=\"87df39d\" data-element_type=\"column\" data-e-type=\"column\">\n\t\t\t<div class=\"elementor-widget-wrap elementor-element-populated\">\n\t\t\t\t\t\t<div class=\"elementor-element elementor-element-e36e86f elementor-widget elementor-widget-heading\" data-id=\"e36e86f\" data-element_type=\"widget\" data-e-type=\"widget\" data-widget_type=\"heading.default\">\n\t\t\t\t<div class=\"elementor-widget-container\">\n\t\t\t\t\t<h2 class=\"elementor-heading-title elementor-size-default\">newGenia<\/h2>\t\t\t\t<\/div>\n\t\t\t\t<\/div>\n\t\t\t\t\t<\/div>\n\t\t<\/div>\n\t\t\t\t<div class=\"elementor-column elementor-col-50 elementor-inner-column elementor-element elementor-element-30ed7aa\" data-id=\"30ed7aa\" data-element_type=\"column\" data-e-type=\"column\">\n\t\t\t<div class=\"elementor-widget-wrap elementor-element-populated\">\n\t\t\t\t\t\t<div class=\"elementor-element elementor-element-be7084d elementor-widget elementor-widget-heading\" data-id=\"be7084d\" data-element_type=\"widget\" data-e-type=\"widget\" data-widget_type=\"heading.default\">\n\t\t\t\t<div class=\"elementor-widget-container\">\n\t\t\t\t\t<h2 class=\"elementor-heading-title elementor-size-default\"><a href=\"https:\/\/digital-dividend.com\/sv\/egna-projekt\/newgenia\/\">Visa detaljer<\/a><\/h2>\t\t\t\t<\/div>\n\t\t\t\t<\/div>\n\t\t\t\t\t<\/div>\n\t\t<\/div>\n\t\t\t\t\t<\/div>\n\t\t<\/section>\n\t\t\t\t\t<\/div>\n\t\t<\/div>\n\t\t\t\t\t<\/div>\n\t\t<\/section>\n\t\t\t\t<section class=\"elementor-section elementor-top-section elementor-element elementor-element-5c7e727 elementor-section-full_width contact-paddin-bottom elementor-section-height-default elementor-section-height-default\" data-id=\"5c7e727\" data-element_type=\"section\" data-e-type=\"section\">\n\t\t\t\t\t\t<div class=\"elementor-container elementor-column-gap-default\">\n\t\t\t\t\t<div class=\"elementor-column elementor-col-100 elementor-top-column elementor-element elementor-element-238e0ff\" data-id=\"238e0ff\" data-element_type=\"column\" data-e-type=\"column\">\n\t\t\t<div class=\"elementor-widget-wrap elementor-element-populated\">\n\t\t\t\t\t\t<div class=\"elementor-element elementor-element-307a229 haveAnyQuestionsSection elementor-widget elementor-widget-axtra_call_to_action\" data-id=\"307a229\" data-element_type=\"widget\" data-e-type=\"widget\" data-widget_type=\"axtra_call_to_action.default\">\n\t\t\t\t<div class=\"elementor-widget-container\">\n\t\t\t\t\t\t\r\n    \t\r\n    <!-- CTA area start -->\r\n    <section class=\"faq__btm\">\r\n        <div class=\"container line pb-130\">\r\n        \t<div class=\"line-3\"><\/div>            <div class=\"row\">\r\n                <div class=\"col-xxl-12\">\r\n                    <div class=\"sec-title-wrapper\">\r\n                        <h2 class=\"sec-title title-anim\">Har du n\u00e5gra fr\u00e5gor?<\/h2>                                                                        <div id=\"btn_wrapper\">\r\n                        \t<a href=\"\/sv\/kontakta-oss\/\" rel=\"nofollow\" class=\"wc-btn-primary btn-hover btn-item\"><span><\/span>Kontakta oss <i class=\"fa-solid fa-arrow-right\"><\/i><\/a>\r\n                        <\/div>\r\n                                            <\/div>\r\n                <\/div>\r\n            <\/div>\r\n        <\/div>\r\n    <\/section>\r\n    <!-- CTA area end -->\r\n\t\r\n\t\t\t\t\t<\/div>\n\t\t\t\t<\/div>\n\t\t\t\t\t<\/div>\n\t\t<\/div>\n\t\t\t\t\t<\/div>\n\t\t<\/section>\n\t\t\t\t<\/div>\n\t\t","protected":false},"excerpt":{"rendered":"<p>Egna projekt Speedoy Visa detaljer newGenia Visa detaljer Har du n\u00e5gra fr\u00e5gor? Kontakta oss<\/p>\n","protected":false},"author":5,"featured_media":0,"parent":0,"menu_order":0,"comment_status":"closed","ping_status":"closed","template":"tpl-default-elementor.php","meta":{"footnotes":""},"class_list":["post-10833","page","type-page","status-publish","hentry"],"yoast_head":"<!-- This site is optimized with the Yoast SEO plugin v27.0 - https:\/\/yoast.com\/product\/yoast-seo-wordpress\/ -->\n<title>V\u00e5ra satsningar och projekt - Digital Dividend Sverige<\/title>\n<meta name=\"description\" content=\"Uppt\u00e4ck Digital Dividens produkter och satsningar. Utforska innovativa digitala l\u00f6sningar vi byggt som visar hur expertis f\u00f6rvandlar id\u00e9er till framg\u00e5ng.\" \/>\n<meta name=\"robots\" content=\"index, follow, max-snippet:-1, max-image-preview:large, max-video-preview:-1\" \/>\n<link rel=\"canonical\" href=\"https:\/\/digital-dividend.com\/sv\/egna-projekt\/\" \/>\n<meta property=\"og:locale\" content=\"sv_SE\" \/>\n<meta property=\"og:type\" content=\"article\" \/>\n<meta property=\"og:title\" content=\"V\u00e5ra satsningar och projekt - Digital Dividend Sverige\" \/>\n<meta property=\"og:description\" content=\"Uppt\u00e4ck Digital Dividens produkter och satsningar. Utforska innovativa digitala l\u00f6sningar vi byggt som visar hur expertis f\u00f6rvandlar id\u00e9er till framg\u00e5ng.\" \/>\n<meta property=\"og:url\" content=\"https:\/\/digital-dividend.com\/sv\/egna-projekt\/\" \/>\n<meta property=\"og:site_name\" content=\"Digital Dividend Sverige\" \/>\n<meta property=\"article:publisher\" content=\"https:\/\/facebook.com\/DigitalDividend\/\" \/>\n<meta property=\"article:modified_time\" content=\"2025-09-09T10:16:50+00:00\" \/>\n<meta property=\"og:image\" content=\"https:\/\/powderblue-rat-509416.hostingersite.com\/wp-content\/uploads\/2023\/08\/speedoy-thumbnail.jpg\" \/>\n<meta name=\"twitter:card\" content=\"summary_large_image\" \/>\n<meta name=\"twitter:title\" content=\"V\u00e5ra satsningar och projekt - Digital Dividend Sverige\" \/>\n<meta name=\"twitter:description\" content=\"Uppt\u00e4ck Digital Dividens produkter och satsningar. Utforska innovativa digitala l\u00f6sningar vi byggt som visar hur expertis f\u00f6rvandlar id\u00e9er till framg\u00e5ng.\" \/>\n<meta name=\"twitter:label1\" content=\"Ber\u00e4knad l\u00e4stid\" \/>\n\t<meta name=\"twitter:data1\" content=\"1 minut\" \/>\n<script type=\"application\/ld+json\" class=\"yoast-schema-graph\">{\"@context\":\"https:\/\/schema.org\",\"@graph\":[{\"@type\":\"WebPage\",\"@id\":\"https:\/\/digital-dividend.com\/sv\/egna-projekt\/\",\"url\":\"https:\/\/digital-dividend.com\/sv\/egna-projekt\/\",\"name\":\"V\u00e5ra satsningar och projekt - Digital Dividend Sverige\",\"isPartOf\":{\"@id\":\"https:\/\/digital-dividend.com\/sv\/#website\"},\"primaryImageOfPage\":{\"@id\":\"https:\/\/digital-dividend.com\/sv\/egna-projekt\/#primaryimage\"},\"image\":{\"@id\":\"https:\/\/digital-dividend.com\/sv\/egna-projekt\/#primaryimage\"},\"thumbnailUrl\":\"https:\/\/powderblue-rat-509416.hostingersite.com\/wp-content\/uploads\/2023\/08\/speedoy-thumbnail.jpg\",\"datePublished\":\"2023-08-31T14:04:39+00:00\",\"dateModified\":\"2025-09-09T10:16:50+00:00\",\"description\":\"Uppt\u00e4ck Digital Dividens produkter och satsningar. Utforska innovativa digitala l\u00f6sningar vi byggt som visar hur expertis f\u00f6rvandlar id\u00e9er till framg\u00e5ng.\",\"breadcrumb\":{\"@id\":\"https:\/\/digital-dividend.com\/sv\/egna-projekt\/#breadcrumb\"},\"inLanguage\":\"sv-SE\",\"potentialAction\":[{\"@type\":\"ReadAction\",\"target\":[\"https:\/\/digital-dividend.com\/sv\/egna-projekt\/\"]}]},{\"@type\":\"ImageObject\",\"inLanguage\":\"sv-SE\",\"@id\":\"https:\/\/digital-dividend.com\/sv\/egna-projekt\/#primaryimage\",\"url\":\"https:\/\/powderblue-rat-509416.hostingersite.com\/wp-content\/uploads\/2023\/08\/speedoy-thumbnail.jpg\",\"contentUrl\":\"https:\/\/powderblue-rat-509416.hostingersite.com\/wp-content\/uploads\/2023\/08\/speedoy-thumbnail.jpg\"},{\"@type\":\"BreadcrumbList\",\"@id\":\"https:\/\/digital-dividend.com\/sv\/egna-projekt\/#breadcrumb\",\"itemListElement\":[{\"@type\":\"ListItem\",\"position\":1,\"name\":\"Home\",\"item\":\"https:\/\/digital-dividend.com\/sv\/\"},{\"@type\":\"ListItem\",\"position\":2,\"name\":\"Egna Projekt\"}]},{\"@type\":\"WebSite\",\"@id\":\"https:\/\/digital-dividend.com\/sv\/#website\",\"url\":\"https:\/\/digital-dividend.com\/sv\/\",\"name\":\"Digital Dividend \u2013 Web And Mobile App Development Company\",\"description\":\"One of the leading web and mobile application development company in Sweden\",\"publisher\":{\"@id\":\"https:\/\/digital-dividend.com\/sv\/#organization\"},\"potentialAction\":[{\"@type\":\"SearchAction\",\"target\":{\"@type\":\"EntryPoint\",\"urlTemplate\":\"https:\/\/digital-dividend.com\/sv\/?s={search_term_string}\"},\"query-input\":{\"@type\":\"PropertyValueSpecification\",\"valueRequired\":true,\"valueName\":\"search_term_string\"}}],\"inLanguage\":\"sv-SE\"},{\"@type\":\"Organization\",\"@id\":\"https:\/\/digital-dividend.com\/sv\/#organization\",\"name\":\"Digital Dividend \u2013 Web And Mobile App Development Company\",\"url\":\"https:\/\/digital-dividend.com\/sv\/\",\"logo\":{\"@type\":\"ImageObject\",\"inLanguage\":\"sv-SE\",\"@id\":\"https:\/\/digital-dividend.com\/sv\/#\/schema\/logo\/image\/\",\"url\":\"https:\/\/digital-dividend.com\/wp-content\/uploads\/2024\/10\/ddlogocolor.webp\",\"contentUrl\":\"https:\/\/digital-dividend.com\/wp-content\/uploads\/2024\/10\/ddlogocolor.webp\",\"width\":492,\"height\":126,\"caption\":\"Digital Dividend \u2013 Web And Mobile App Development Company\"},\"image\":{\"@id\":\"https:\/\/digital-dividend.com\/sv\/#\/schema\/logo\/image\/\"},\"sameAs\":[\"https:\/\/facebook.com\/DigitalDividend\/\",\"https:\/\/www.instagram.com\/digital_dividend\/\",\"https:\/\/www.linkedin.com\/company\/digital-dividend\"]}]}<\/script>\n<!-- \/ Yoast SEO plugin. -->","yoast_head_json":{"title":"V\u00e5ra satsningar och projekt - Digital Dividend Sverige","description":"Uppt\u00e4ck Digital Dividens produkter och satsningar. Utforska innovativa digitala l\u00f6sningar vi byggt som visar hur expertis f\u00f6rvandlar id\u00e9er till framg\u00e5ng.","robots":{"index":"index","follow":"follow","max-snippet":"max-snippet:-1","max-image-preview":"max-image-preview:large","max-video-preview":"max-video-preview:-1"},"canonical":"https:\/\/digital-dividend.com\/sv\/egna-projekt\/","og_locale":"sv_SE","og_type":"article","og_title":"V\u00e5ra satsningar och projekt - Digital Dividend Sverige","og_description":"Uppt\u00e4ck Digital Dividens produkter och satsningar. Utforska innovativa digitala l\u00f6sningar vi byggt som visar hur expertis f\u00f6rvandlar id\u00e9er till framg\u00e5ng.","og_url":"https:\/\/digital-dividend.com\/sv\/egna-projekt\/","og_site_name":"Digital Dividend Sverige","article_publisher":"https:\/\/facebook.com\/DigitalDividend\/","article_modified_time":"2025-09-09T10:16:50+00:00","og_image":[{"url":"https:\/\/powderblue-rat-509416.hostingersite.com\/wp-content\/uploads\/2023\/08\/speedoy-thumbnail.jpg","type":"","width":"","height":""}],"twitter_card":"summary_large_image","twitter_title":"V\u00e5ra satsningar och projekt - Digital Dividend Sverige","twitter_description":"Uppt\u00e4ck Digital Dividens produkter och satsningar. Utforska innovativa digitala l\u00f6sningar vi byggt som visar hur expertis f\u00f6rvandlar id\u00e9er till framg\u00e5ng.","twitter_misc":{"Ber\u00e4knad l\u00e4stid":"1 minut"},"schema":{"@context":"https:\/\/schema.org","@graph":[{"@type":"WebPage","@id":"https:\/\/digital-dividend.com\/sv\/egna-projekt\/","url":"https:\/\/digital-dividend.com\/sv\/egna-projekt\/","name":"V\u00e5ra satsningar och projekt - Digital Dividend Sverige","isPartOf":{"@id":"https:\/\/digital-dividend.com\/sv\/#website"},"primaryImageOfPage":{"@id":"https:\/\/digital-dividend.com\/sv\/egna-projekt\/#primaryimage"},"image":{"@id":"https:\/\/digital-dividend.com\/sv\/egna-projekt\/#primaryimage"},"thumbnailUrl":"https:\/\/powderblue-rat-509416.hostingersite.com\/wp-content\/uploads\/2023\/08\/speedoy-thumbnail.jpg","datePublished":"2023-08-31T14:04:39+00:00","dateModified":"2025-09-09T10:16:50+00:00","description":"Uppt\u00e4ck Digital Dividens produkter och satsningar. Utforska innovativa digitala l\u00f6sningar vi byggt som visar hur expertis f\u00f6rvandlar id\u00e9er till framg\u00e5ng.","breadcrumb":{"@id":"https:\/\/digital-dividend.com\/sv\/egna-projekt\/#breadcrumb"},"inLanguage":"sv-SE","potentialAction":[{"@type":"ReadAction","target":["https:\/\/digital-dividend.com\/sv\/egna-projekt\/"]}]},{"@type":"ImageObject","inLanguage":"sv-SE","@id":"https:\/\/digital-dividend.com\/sv\/egna-projekt\/#primaryimage","url":"https:\/\/powderblue-rat-509416.hostingersite.com\/wp-content\/uploads\/2023\/08\/speedoy-thumbnail.jpg","contentUrl":"https:\/\/powderblue-rat-509416.hostingersite.com\/wp-content\/uploads\/2023\/08\/speedoy-thumbnail.jpg"},{"@type":"BreadcrumbList","@id":"https:\/\/digital-dividend.com\/sv\/egna-projekt\/#breadcrumb","itemListElement":[{"@type":"ListItem","position":1,"name":"Home","item":"https:\/\/digital-dividend.com\/sv\/"},{"@type":"ListItem","position":2,"name":"Egna Projekt"}]},{"@type":"WebSite","@id":"https:\/\/digital-dividend.com\/sv\/#website","url":"https:\/\/digital-dividend.com\/sv\/","name":"Digital Dividend \u2013 Web And Mobile App Development Company","description":"One of the leading web and mobile application development company in Sweden","publisher":{"@id":"https:\/\/digital-dividend.com\/sv\/#organization"},"potentialAction":[{"@type":"SearchAction","target":{"@type":"EntryPoint","urlTemplate":"https:\/\/digital-dividend.com\/sv\/?s={search_term_string}"},"query-input":{"@type":"PropertyValueSpecification","valueRequired":true,"valueName":"search_term_string"}}],"inLanguage":"sv-SE"},{"@type":"Organization","@id":"https:\/\/digital-dividend.com\/sv\/#organization","name":"Digital Dividend \u2013 Web And Mobile App Development Company","url":"https:\/\/digital-dividend.com\/sv\/","logo":{"@type":"ImageObject","inLanguage":"sv-SE","@id":"https:\/\/digital-dividend.com\/sv\/#\/schema\/logo\/image\/","url":"https:\/\/digital-dividend.com\/wp-content\/uploads\/2024\/10\/ddlogocolor.webp","contentUrl":"https:\/\/digital-dividend.com\/wp-content\/uploads\/2024\/10\/ddlogocolor.webp","width":492,"height":126,"caption":"Digital Dividend \u2013 Web And Mobile App Development Company"},"image":{"@id":"https:\/\/digital-dividend.com\/sv\/#\/schema\/logo\/image\/"},"sameAs":["https:\/\/facebook.com\/DigitalDividend\/","https:\/\/www.instagram.com\/digital_dividend\/","https:\/\/www.linkedin.com\/company\/digital-dividend"]}]}},"_links":{"self":[{"href":"https:\/\/digital-dividend.com\/sv\/wp-json\/wp\/v2\/pages\/10833","targetHints":{"allow":["GET"]}}],"collection":[{"href":"https:\/\/digital-dividend.com\/sv\/wp-json\/wp\/v2\/pages"}],"about":[{"href":"https:\/\/digital-dividend.com\/sv\/wp-json\/wp\/v2\/types\/page"}],"author":[{"embeddable":true,"href":"https:\/\/digital-dividend.com\/sv\/wp-json\/wp\/v2\/users\/5"}],"replies":[{"embeddable":true,"href":"https:\/\/digital-dividend.com\/sv\/wp-json\/wp\/v2\/comments?post=10833"}],"version-history":[{"count":0,"href":"https:\/\/digital-dividend.com\/sv\/wp-json\/wp\/v2\/pages\/10833\/revisions"}],"wp:attachment":[{"href":"https:\/\/digital-dividend.com\/sv\/wp-json\/wp\/v2\/media?parent=10833"}],"curies":[{"name":"wp","href":"https:\/\/api.w.org\/{rel}","templated":true}]}}